{"id":737,"date":"2020-09-14T12:46:42","date_gmt":"2020-09-14T10:46:42","guid":{"rendered":"http:\/\/itcegame.se\/?page_id=737"},"modified":"2020-10-26T20:59:56","modified_gmt":"2020-10-26T19:59:56","slug":"resultattoppen","status":"publish","type":"page","link":"https:\/\/itcegame.se\/?page_id=737","title":{"rendered":"Resultattoppen"},"content":{"rendered":"\n<p><strong>Uppdaterades 2020-10-26<\/strong><\/p>\n\n\n\n<h2 class=\"wp-block-heading\">B\u00e4sta lagresultat (alla divisioner)<\/h2>\n\n\n\n<figure class=\"wp-block-table\"><table><tbody><tr><td>Lag<\/td><td>Omg<\/td><td>Resultat<\/td><\/tr><tr><td>Str\u00f6ms<\/td><td>3<\/td><td>1941<\/td><\/tr><tr><td>High swingboys<\/td><td>3<\/td><td>1904<\/td><\/tr><tr><td>Olssons<\/td><td>2<\/td><td>1833<\/td><\/tr><tr><td>Platts\u00e4ttningsbolaget<\/td><td>3<\/td><td>1824<\/td><\/tr><tr><td>Kylacc<\/td><td>4<\/td><td>1796<\/td><\/tr><tr><td>Team Klopp<\/td><td>2<\/td><td>1679<\/td><\/tr><tr><td>Mickes reklam<\/td><td>4<\/td><td>1678<\/td><\/tr><\/tbody><\/table><\/figure>\n\n\n\n<h2 class=\"wp-block-heading\">B\u00e4sta individuella resultat DAM (alla divisioner)<\/h2>\n\n\n\n<figure class=\"wp-block-table\"><table><tbody><tr><td>Spelare<\/td><td>K\u00e4glor<\/td><td>Lag<\/td><\/tr><tr><td>Berndt, Yvonne<\/td><td>585<\/td><td>Surprice<\/td><\/tr><tr><td>Nilsson, Leni<\/td><td>569<\/td><td>SBC<\/td><\/tr><tr><td>\u00c5hl&#8217;en, Bunyong<\/td><td>544<\/td><td>Tre v\u00e4nner<\/td><\/tr><tr><td>Svensson, Eva<\/td><td>523<\/td><td>SBC<\/td><\/tr><tr><td>Andreasson, Annelie<\/td><td>521<\/td><td>Byggkontroll<\/td><\/tr><tr><td>Nilsson, Maggot<\/td><td>520<\/td><td>Forza<\/td><\/tr><tr><td>Mathisen Andersson, Vanja<\/td><td>516<\/td><td>SBC<\/td><\/tr><\/tbody><\/table><\/figure>\n\n\n\n<h2 class=\"wp-block-heading\">B\u00e4sta individuella resultat (Division TRE)<\/h2>\n\n\n\n<figure class=\"wp-block-table\"><table><tbody><tr><td>Spelare<\/td><td>K\u00e4glor<\/td><td>Lag<\/td><td><\/td><td><\/td><td><\/td><td><\/td><\/tr><tr><td>Berndt, Yvonne<\/td><td>585<\/td><td>Surprice<\/td><td><\/td><td><\/td><td><\/td><td><\/td><\/tr><tr><td>Prytz, Tommy<\/td><td>556<\/td><td>Halvtio<\/td><td><\/td><td><\/td><td><\/td><td><\/td><\/tr><tr><td>Ottosson, Jan-\u00c5ke<\/td><td>553<\/td><td>Surprice<\/td><td><\/td><td><\/td><td><\/td><td><\/td><\/tr><\/tbody><\/table><\/figure>\n\n\n\n<h2 class=\"wp-block-heading\">B\u00e4sta individuella resultat (alla divisioner)<\/h2>\n\n\n\n<figure class=\"wp-block-table\"><table><tbody><tr><td>Spelare<\/td><td>K\u00e4glor<\/td><td>Lag<\/td><\/tr><tr><td>Persson, Peter<\/td><td>700<\/td><td>Byggkontroll<\/td><\/tr><tr><td>P\u00e4rzon, Mathias<\/td><td>697<\/td><td>High swingboys<\/td><\/tr><tr><td>Andersson, Peter<\/td><td>668<\/td><td>Platts\u00e4ttningsbolaget<\/td><\/tr><tr><td>Karlsson, Paul<\/td><td>664<\/td><td>Kylacc<\/td><\/tr><tr><td>Karlsson, Glenn<\/td><td>663<\/td><td>Kylacc<\/td><\/tr><tr><td>Magnusson, J\u00f6rgen<\/td><td>662<\/td><td>Str\u00f6ms<\/td><\/tr><tr><td>Olsson, Dennis<\/td><td>657<\/td><td>Olssons<\/td><\/tr><tr><td>Berghman, Lars<\/td><td>656<\/td><td>High swingboys<\/td><\/tr><tr><td>Sj\u00f6lin, Mattias<\/td><td>650<\/td><td>Str\u00f6ms<\/td><\/tr><tr><td>Jacobsson, Mats<\/td><td>644<\/td><td>Platts\u00e4ttningsbolaget<\/td><\/tr><tr><td>Gullstrand, Albin<\/td><td>640<\/td><td>Str\u00f6ms<\/td><\/tr><tr><td>\u00d6sterlindh, Ulf<\/td><td>639<\/td><td>Team Klopp<\/td><\/tr><tr><td>Fyhr, Dennis<\/td><td>638<\/td><td>High swingboys<\/td><\/tr><tr><td>Olsson, Bj\u00f6rn<\/td><td>628<\/td><td>Olssons<\/td><\/tr><tr><td>Nilsson, Jan<\/td><td>616<\/td><td>Forza<\/td><\/tr><tr><td>Svensson, Anders<\/td><td>598<\/td><td>Team Klopp<\/td><\/tr><tr><td>T\u00f6rnebohm, Pontus<\/td><td>598<\/td><td>Kylacc<\/td><\/tr><tr><td>Larsson, Gert<\/td><td>596<\/td><td>Mickes reklam<\/td><\/tr><tr><td>Nilsson, Magnus<\/td><td>593<\/td><td>BK Star<\/td><\/tr><tr><td>Svantesson, Leif<\/td><td>589<\/td><td>Mickes reklam<\/td><\/tr><tr><td>Magnusson, Jocke<\/td><td>588<\/td><td>BK Star<\/td><\/tr><tr><td>Berndt, Yvonne<\/td><td>585<\/td><td>Surprice<\/td><\/tr><tr><td>\u00d6stling, H\u00e5kan<\/td><td>582<\/td><td>Mickes reklam<\/td><\/tr><tr><td>N\u00e4sstr\u00f6m, Rickard<\/td><td>581<\/td><td>BK Star<\/td><\/tr><tr><td>Tedenlid, Mats<\/td><td>573<\/td><td>Team Klopp<\/td><\/tr><tr><td>Persson, Robin<\/td><td>569<\/td><td>Team Klopp<\/td><\/tr><\/tbody><\/table><\/figure>\n","protected":false},"excerpt":{"rendered":"<p>Uppdaterades 2020-10-26 B\u00e4sta lagresultat (alla divisioner) Lag Omg Resultat Str\u00f6ms 3 1941 High swingboys 3 1904 Olssons 2 1833 Platts\u00e4ttningsbolaget 3 1824 Kylacc 4 1796 Team Klopp 2 1679 Mickes reklam 4 1678 B\u00e4sta individuella resultat DAM (alla divisioner) Spelare K\u00e4glor Lag Berndt, Yvonne 585 Surprice Nilsson, Leni 569 SBC \u00c5hl&#8217;en, Bunyong 544 Tre v\u00e4nner [&hellip;]<\/p>\n","protected":false},"author":1,"featured_media":0,"parent":700,"menu_order":9,"comment_status":"closed","ping_status":"closed","template":"","meta":{"footnotes":""},"class_list":["post-737","page","type-page","status-publish","hentry"],"_links":{"self":[{"href":"https:\/\/itcegame.se\/index.php?rest_route=\/wp\/v2\/pages\/737","targetHints":{"allow":["GET"]}}],"collection":[{"href":"https:\/\/itcegame.se\/index.php?rest_route=\/wp\/v2\/pages"}],"about":[{"href":"https:\/\/itcegame.se\/index.php?rest_route=\/wp\/v2\/types\/page"}],"author":[{"embeddable":true,"href":"https:\/\/itcegame.se\/index.php?rest_route=\/wp\/v2\/users\/1"}],"replies":[{"embeddable":true,"href":"https:\/\/itcegame.se\/index.php?rest_route=%2Fwp%2Fv2%2Fcomments&post=737"}],"version-history":[{"count":9,"href":"https:\/\/itcegame.se\/index.php?rest_route=\/wp\/v2\/pages\/737\/revisions"}],"predecessor-version":[{"id":763,"href":"https:\/\/itcegame.se\/index.php?rest_route=\/wp\/v2\/pages\/737\/revisions\/763"}],"up":[{"embeddable":true,"href":"https:\/\/itcegame.se\/index.php?rest_route=\/wp\/v2\/pages\/700"}],"wp:attachment":[{"href":"https:\/\/itcegame.se\/index.php?rest_route=%2Fwp%2Fv2%2Fmedia&parent=737"}],"curies":[{"name":"wp","href":"https:\/\/api.w.org\/{rel}","templated":true}]}}