{"id":668,"date":"2020-02-05T19:13:30","date_gmt":"2020-02-05T18:13:30","guid":{"rendered":"http:\/\/itcegame.se\/?page_id=668"},"modified":"2020-03-30T21:12:37","modified_gmt":"2020-03-30T19:12:37","slug":"slutspel-division-ett","status":"publish","type":"page","link":"https:\/\/itcegame.se\/?page_id=668","title":{"rendered":"Slutspel division ETT"},"content":{"rendered":"\n<p>Uppdaterad 2020-03-30<\/p>\n\n\n\n<p>Lag 1 &#8211; 4 i serien efter 11 omg spelar i grupp A, lag 5-8 i grupp B och lag 9-12 i grupp C.<\/p>\n\n\n\n<p>B\u00e4sta laget per grupp f\u00e5r 3 po\u00e4ng in i slutspelet, n\u00e4sta b\u00e4sta lag 2 po\u00e4ng och 3:e b\u00e4sta 1 po\u00e4ng. D\u00e4refter m\u00f6ter man \u00f6vriga lag i gruppen en g\u00e5ng innan s\u00e4songen \u00e4r slut.<\/p>\n\n\n\n<p><strong>Senaste omg\u00e5ng<\/strong><\/p>\n\n\n\n<figure class=\"wp-block-table\"><table class=\"\"><tbody><tr><td><\/td><td><\/td><td>Omg 2 av 3 i slutspel<\/td><td>2020-03-30<\/td><td><\/td><td><\/td><\/tr><tr><td>18:00<\/td><td>11 &#8211; 13<\/td><td>High swingboys<\/td><td>Str\u00f6ms<\/td><td>9<\/td><td>9<\/td><\/tr><tr><td>18:00<\/td><td>14 &#8211; 16<\/td><td>Kylacc<\/td><td>Team Klopp<\/td><td>6<\/td><td>12<\/td><\/tr><tr><td>18:00<\/td><td>17 &#8211; 19<\/td><td>Olssons<\/td><td>Byggkontroll<\/td><td>0<\/td><td>18<\/td><\/tr><tr><td>19:00<\/td><td>11 &#8211; 13<\/td><td>Total solskyddsmilj\u00f6<\/td><td>Forza<\/td><td>15<\/td><td>3<\/td><\/tr><tr><td>19:00<\/td><td>14 &#8211; 16<\/td><td>BeRoll Bygg<\/td><td>Essen<\/td><td>6<\/td><td>12<\/td><\/tr><tr><td>19:00<\/td><td>17 &#8211; 19<\/td><td>Platts\u00e4ttningsbolaget<\/td><td>SBC<\/td><td>16<\/td><td>2<\/td><\/tr><\/tbody><\/table><\/figure>\n\n\n\n<p><\/p>\n\n\n\n<h2 class=\"wp-block-heading\"><strong>Slutspel Division ETT<\/strong><\/h2>\n\n\n\n<figure class=\"wp-block-table\"><table class=\"\"><tbody><tr><td><strong>Slutspel   A<\/strong><\/td><td><\/td><td><\/td><td><\/td><td><\/td><\/tr><tr><td><\/td><td><\/td><td><\/td><td><\/td><td><\/td><td><\/td><td><\/td><\/tr><tr><td>Lagnamn<\/td><td>Matcher<\/td><td>V<\/td><td>O<\/td><td>F<\/td><td>Kvot<\/td><td>Po\u00e4ng<\/td><\/tr><tr><td>High swingboys<\/td><td>2<\/td><td>1<\/td><td>1<\/td><td>0<\/td><td>6<\/td><td>6<\/td><\/tr><tr><td>Str\u00f6ms<\/td><td>2<\/td><td>1<\/td><td>1<\/td><td>0<\/td><td>8<\/td><td>4<\/td><\/tr><tr><td>Team Klopp<\/td><td>2<\/td><td>1<\/td><td>0<\/td><td>1<\/td><td>0<\/td><td>2<\/td><\/tr><tr><td>Kylacc<\/td><td>2<\/td><td>0<\/td><td>0<\/td><td>2<\/td><td>-14<\/td><td>2<\/td><\/tr><tr><td><\/td><td><\/td><td><\/td><td><\/td><td><\/td><td><\/td><td><\/td><\/tr><tr><td><\/td><td><\/td><td><\/td><td><\/td><td><\/td><td><\/td><td><\/td><\/tr><tr><td><strong>Slutspel B<\/strong><\/td><td><\/td><td><\/td><td><\/td><td><\/td><\/tr><tr><td><\/td><td><\/td><td><\/td><td><\/td><td><\/td><td><\/td><td><\/td><\/tr><tr><td>Lagnamn<\/td><td>Matcher<\/td><td>V<\/td><td>O<\/td><td>F<\/td><td>Kvot<\/td><td>Po\u00e4ng<\/td><\/tr><tr><td>Total\n  solskyddsmilj\u00f6<\/td><td>2<\/td><td>2<\/td><td>0<\/td><td>0<\/td><td>18<\/td><td>6<\/td><\/tr><tr><td>Olssons<\/td><td>2<\/td><td>1<\/td><td>0<\/td><td>1<\/td><td>-14<\/td><td>5<\/td><\/tr><tr><td>Byggkontroll<\/td><td>2<\/td><td>1<\/td><td>0<\/td><td>1<\/td><td>12<\/td><td>3<\/td><\/tr><tr><td>Forza<\/td><td>2<\/td><td>0<\/td><td>0<\/td><td>2<\/td><td>-16<\/td><td>0<\/td><\/tr><tr><td><\/td><td><\/td><td><\/td><td><\/td><td><\/td><td><\/td><td><\/td><\/tr><tr><td><\/td><td><\/td><td><\/td><td><\/td><td><\/td><td><\/td><td><\/td><\/tr><tr><td><strong>Slutspel C<\/strong><\/td><td><\/td><td><\/td><td><\/td><td><\/td><\/tr><tr><td><\/td><td><\/td><td><\/td><td><\/td><td><\/td><td><\/td><td><\/td><\/tr><tr><td>Lagnamn<\/td><td>Matcher<\/td><td>V<\/td><td>O<\/td><td>F<\/td><td>Kvot<\/td><td>Po\u00e4ng<\/td><\/tr><tr><td>Platts\u00e4ttningsbolaget<\/td><td>2<\/td><td>2<\/td><td>0<\/td><td>0<\/td><td>18<\/td><td>6<\/td><\/tr><tr><td>Essen<\/td><td>2<\/td><td>1<\/td><td>0<\/td><td>1<\/td><td>2<\/td><td>3<\/td><\/tr><tr><td>BeRoll Bygg<\/td><td>2<\/td><td>0<\/td><td>0<\/td><td>2<\/td><td>-8<\/td><td>3<\/td><\/tr><tr><td>SBC<\/td><td>2<\/td><td>1<\/td><td>0<\/td><td>1<\/td><td>-12<\/td><td>2<\/td><\/tr><\/tbody><\/table><\/figure>\n\n\n\n<figure class=\"wp-block-table\"><table class=\"\"><tbody><tr><td><strong>N\u00e4sta   <br>(sista) <br>omg.<\/strong><\/td><td><\/td><td>Omg 3 av 3 i slutspel<\/td><td>2020-04-20<\/td><\/tr><tr><td>18:00<\/td><td>11 &#8211; 13<\/td><td>High swingboys<\/td><td>Kylacc<\/td><\/tr><tr><td>18:00<\/td><td>14 &#8211; 16<\/td><td>Olssons<\/td><td>Total solskyddsmilj\u00f6<\/td><\/tr><tr><td>18:00<\/td><td>17 &#8211; 19<\/td><td>BeRoll Bygg<\/td><td>Platts\u00e4ttningsbolaget<\/td><\/tr><tr><td>19:00<\/td><td>11 &#8211; 13<\/td><td>Str\u00f6ms<\/td><td>Team Klopp<\/td><\/tr><tr><td>19:00<\/td><td>14 &#8211; 16<\/td><td>Byggkontroll<\/td><td>Forza<\/td><\/tr><tr><td>19:00<\/td><td>17 &#8211; 19<\/td><td>Essen<\/td><td>SBC<\/td><\/tr><\/tbody><\/table><\/figure>\n\n\n\n<p><strong>Tidigare omg\u00e5ngar<\/strong><\/p>\n\n\n\n<p><\/p>\n\n\n\n<figure class=\"wp-block-table\"><table class=\"\"><tbody><tr><td><strong>Senaste<br>omg\u00e5ng<\/strong><\/td><td><\/td><td>Omg 1 av 3 i slutspel<\/td><td>2020-03-16<\/td><td><\/td><td><\/td><\/tr><tr><td>18:00<\/td><td>11 &#8211; 13<\/td><td>High swingboys<\/td><td>Team Klopp<\/td><td>12<\/td><td>6<\/td><\/tr><tr><td>18:00<\/td><td>14 &#8211; 16<\/td><td>Kylacc<\/td><td>Str\u00f6ms<\/td><td>5<\/td><td>13<\/td><\/tr><tr><td>18:00<\/td><td>17 &#8211; 19<\/td><td>Olssons<\/td><td>Forza<\/td><td>11<\/td><td>7<\/td><\/tr><tr><td>19:00<\/td><td>11 &#8211; 13<\/td><td>Total solskyddsmilj\u00f6<\/td><td>Byggkontroll<\/td><td>12<\/td><td>6<\/td><\/tr><tr><td>19:00<\/td><td>14 &#8211; 16<\/td><td>BeRoll Bygg<\/td><td>SBC<\/td><td>8<\/td><td>10<\/td><\/tr><tr><td>19:00<\/td><td>17 &#8211; 19<\/td><td>Platts\u00e4ttningsbolaget<\/td><td>Essen<\/td><td>11<\/td><td>7<\/td><\/tr><\/tbody><\/table><\/figure>\n","protected":false},"excerpt":{"rendered":"<p>Uppdaterad 2020-03-30 Lag 1 &#8211; 4 i serien efter 11 omg spelar i grupp A, lag 5-8 i grupp B och lag 9-12 i grupp C. B\u00e4sta laget per grupp f\u00e5r 3 po\u00e4ng in i slutspelet, n\u00e4sta b\u00e4sta lag 2 po\u00e4ng och 3:e b\u00e4sta 1 po\u00e4ng. D\u00e4refter m\u00f6ter man \u00f6vriga lag i gruppen en g\u00e5ng [&hellip;]<\/p>\n","protected":false},"author":1,"featured_media":0,"parent":586,"menu_order":0,"comment_status":"closed","ping_status":"closed","template":"","meta":{"footnotes":""},"class_list":["post-668","page","type-page","status-publish","hentry"],"_links":{"self":[{"href":"https:\/\/itcegame.se\/index.php?rest_route=\/wp\/v2\/pages\/668","targetHints":{"allow":["GET"]}}],"collection":[{"href":"https:\/\/itcegame.se\/index.php?rest_route=\/wp\/v2\/pages"}],"about":[{"href":"https:\/\/itcegame.se\/index.php?rest_route=\/wp\/v2\/types\/page"}],"author":[{"embeddable":true,"href":"https:\/\/itcegame.se\/index.php?rest_route=\/wp\/v2\/users\/1"}],"replies":[{"embeddable":true,"href":"https:\/\/itcegame.se\/index.php?rest_route=%2Fwp%2Fv2%2Fcomments&post=668"}],"version-history":[{"count":9,"href":"https:\/\/itcegame.se\/index.php?rest_route=\/wp\/v2\/pages\/668\/revisions"}],"predecessor-version":[{"id":698,"href":"https:\/\/itcegame.se\/index.php?rest_route=\/wp\/v2\/pages\/668\/revisions\/698"}],"up":[{"embeddable":true,"href":"https:\/\/itcegame.se\/index.php?rest_route=\/wp\/v2\/pages\/586"}],"wp:attachment":[{"href":"https:\/\/itcegame.se\/index.php?rest_route=%2Fwp%2Fv2%2Fmedia&parent=668"}],"curies":[{"name":"wp","href":"https:\/\/api.w.org\/{rel}","templated":true}]}}