{"id":561,"date":"2019-05-18T10:09:14","date_gmt":"2019-05-18T08:09:14","guid":{"rendered":"http:\/\/itcegame.se\/?page_id=561"},"modified":"2019-05-18T10:09:14","modified_gmt":"2019-05-18T08:09:14","slug":"regler-halligan","status":"publish","type":"page","link":"https:\/\/itcegame.se\/?page_id=561","title":{"rendered":"Regler Halligan"},"content":{"rendered":"\n<p>Baltiska\nBowlinghallens Halliga<\/p>\n\n\n\n<p>Information\noch regler 2019-20<\/p>\n\n\n\n<p><strong>Lagformat<\/strong><\/p>\n\n\n\n<p>Varje lag f\u00e5r\ninneh\u00e5lla max 10 spelare, d.v.s. ett lag kan kompletteras med fler spelare upp\ntill denna gr\u00e4ns.<\/p>\n\n\n\n<p>En spelare f\u00e5r inte\ndelta i mer \u00e4n ett lag.<\/p>\n\n\n\n<p>Varje spelare som\ninte har bowlinglicens skall anm\u00e4las med personnummer s\u00e5 att BK ABeCe kan\nteckna Hallicens f\u00f6r personen \u2013 det \u00e4r n\u00f6dv\u00e4ndigt f\u00f6r att vara f\u00f6rs\u00e4krad under\nspelet. Anm\u00e4l d\u00e4rf\u00f6r nya olicensierade spelare i god tid s\u00e5 detta hinner l\u00f6sas.<\/p>\n\n\n\n<p><strong>Matchformat<\/strong><\/p>\n\n\n\n<ul class=\"wp-block-list\"><li>3\n     spelare i varje lag \u2013 en person per lag per bana spelar delmatcher \u00f6ver en\n     serie.<\/li><li>Vinst\n     i 1:a serien = 1p, vinst i 2:a serien = 2p, vinst i 3:e serien = 3p.\n     Oavgjort = delad po\u00e4ng.<\/li><li>Hemmalaget\n     placerar sina spelare f\u00f6rst p\u00e5 resp. bana \u2013 d\u00e4refter placerar bortalaget\n     sina spelare.<\/li><li>Flyttningar\n     mellan serierna \u2013 hemmalagets spelare flyttar en bana \u00e5t h\u00f6ger och\n     bortalagets spelare flyttar en bana \u00e5t v\u00e4nster.<\/li><li>Vid\n     behov av att flytta en match \u2013 informera Baltiska Bowlinghallens reception\n     som kan bist\u00e5 med alternativa tider. Var \u00f6verens med era motst\u00e5ndare om\n     flytten!<ul><li>Det\n      finns lediga banor 20.00-21.00 de m\u00e5ndagar d\u00e5 Division ETT\/TV\u00c5 spelar\n      samt efter 19.15 de m\u00e5ndagar d\u00e5 Division TRE spelar.<\/li><\/ul><\/li><li>Vid\n     W.O \u2013 informera Christer samt Baltiska Bowlinghallens reception.<\/li><\/ul>\n\n\n\n<p><strong>Ligaformat (baserat p\u00e5 24 lag anm\u00e4lda och formatet spikas\n2019-08-15)<\/strong><\/p>\n\n\n\n<p>Division ETT kommer denna s\u00e4song \u2013 <strong>prelimin\u00e4rt<\/strong> \u2013 att inneh\u00e5lla 8 lag och man kommer att m\u00f6ta alla\nandra lag i dubbelm\u00f6ten under ligans 14 omg\u00e5ngar.<\/p>\n\n\n\n<p>Division TV\u00c5 kommer denna s\u00e4song \u2013 <strong>prelimin\u00e4rt<\/strong> \u2013 att inneh\u00e5lla 8 lag och man kommer att m\u00f6ta alla\nandra lag i dubbelm\u00f6ten under ligans 14 omg\u00e5ngar.<\/p>\n\n\n\n<p>Division TRE kommer denna s\u00e4song \u2013 <strong>f\u00f6rhoppningsvis<\/strong> \u2013 att inneh\u00e5lla 8 lag och man kommer att m\u00f6ta alla\nandra lag i dubbelm\u00f6ten under ligans 14 omg\u00e5ngar.<\/p>\n\n\n\n<p>N\u00e4r kommande omg\u00e5ng lottats kommer detta att meddelas via\nmail, via Facebook samt p\u00e5 Hall-ligans anslagstavla i hallen.<strong><br>\n<\/strong><\/p>\n\n\n\n<p><strong>Matchtillf\u00e4llen (prelimin\u00e4rt)<\/strong><\/p>\n\n\n\n<table class=\"wp-block-table\"><tbody><tr><td>\n  &nbsp;\n  <\/td><td>\n  <strong>Division ETT<\/strong>\n  <\/td><td>\n  <strong>Division TV\u00c5<\/strong>\n  <\/td><td>\n  <strong>Division TRE<\/strong>\n  <\/td><\/tr><tr><td>\n  Omg\u00e5ng\n  <\/td><td>\n  <strong>Datum<\/strong>\n  <\/td><td>\n  <strong>Datum<\/strong>\n  <\/td><td>\n  <strong>Datum<\/strong>\n  <\/td><\/tr><tr><td>\n  1\n  <\/td><td>\n  <strong>2019-09-09<\/strong>\n  <\/td><td>\n  <strong>2019-09-09<\/strong>\n  <\/td><td>\n  <strong>2019-09-16<\/strong>\n  <\/td><\/tr><tr><td>\n  2\n  <\/td><td>\n  <strong>2019-09-23<\/strong>\n  <\/td><td>\n  <strong>2019-09-23<\/strong>\n  <\/td><td>\n  <strong>2019-09-30<\/strong>\n  <\/td><\/tr><tr><td>\n  3\n  <\/td><td>\n  <strong>2019-10-07<\/strong>\n  <\/td><td>\n  <strong>2019-10-07<\/strong>\n  <\/td><td>\n  <strong>2019-10-14<\/strong>\n  <\/td><\/tr><tr><td>\n  4\n  <\/td><td>\n  <strong>2019-10-21<\/strong>\n  <\/td><td>\n  <strong>2019-10-21<\/strong>\n  <\/td><td>\n  <strong>2019-10-28<\/strong>\n  <\/td><\/tr><tr><td>\n  5\n  <\/td><td>\n  <strong>2019-11-04<\/strong>\n  <\/td><td>\n  <strong>2019-11-04<\/strong>\n  <\/td><td>\n  <strong>2019-11-11<\/strong>\n  <\/td><\/tr><tr><td>\n  6\n  <\/td><td>\n  <strong>2019-11-18<\/strong>\n  <\/td><td>\n  <strong>2019-11-18<\/strong>\n  <\/td><td>\n  <strong>2019-11-25<\/strong>\n  <\/td><\/tr><tr><td>\n  7\n  <\/td><td>\n  <strong>2019-12-02<\/strong>\n  <\/td><td>\n  <strong>2019-12-02<\/strong>\n  <\/td><td>\n  <strong>2019-12-09<\/strong>\n  <\/td><\/tr><tr><td>\n  8\n  <\/td><td>\n  <strong>2020-01-13<\/strong>\n  <\/td><td>\n  <strong>2020-01-13<\/strong>\n  <\/td><td>\n  <strong>2020-01-20<\/strong>\n  <\/td><\/tr><tr><td>\n  9\n  <\/td><td>\n  <strong>2020-01-27<\/strong>\n  <\/td><td>\n  <strong>2020-01-27<\/strong>\n  <\/td><td>\n  <strong>2020-02-03<\/strong>\n  <\/td><\/tr><tr><td>\n  10\n  <\/td><td>\n  <strong>2020-02-10<\/strong>\n  <\/td><td>\n  <strong>2020-02-10<\/strong>\n  <\/td><td>\n  <strong>2020-02-24<\/strong>\n  <\/td><\/tr><tr><td>\n  11\n  <\/td><td>\n  <strong>2020-03-02<\/strong>\n  <\/td><td>\n  <strong>2020-03-02<\/strong>\n  <\/td><td>\n  <strong>2020-03-09<\/strong>\n  <\/td><\/tr><tr><td>\n  12\n  <\/td><td>\n  <strong>2020-03-16<\/strong>\n  <\/td><td>\n  <strong>2020-03-16<\/strong>\n  <\/td><td>\n  <strong>2020-03-23<\/strong>\n  <\/td><\/tr><tr><td>\n  13\n  <\/td><td>\n  <strong>2020-03-30<\/strong>\n  <\/td><td>\n  <strong>2020-03-30<\/strong>\n  <\/td><td>\n  <strong>2020-04-06<\/strong>\n  <\/td><\/tr><tr><td>\n  14\n  <\/td><td>\n  <strong>2020-04-20<\/strong>\n  <\/td><td>\n  <strong>2020-04-20<\/strong>\n  <\/td><td>\n  <strong>2020-04-27<\/strong>\n  <\/td><\/tr><\/tbody><\/table>\n\n\n\n<p>Matchtid i Division ETT \u00e4r antingen 18.00 \u2013 19.00 eller\n19.00 \u2013 20.00. Udda omg\u00e5ng start 19.00.<\/p>\n\n\n\n<p>Matchtid i Division TV\u00c5 \u00e4r antingen 18.00 \u2013 19.00 eller\n19.00 \u2013 20.00. Udda omg\u00e5ng start 18.00.<\/p>\n\n\n\n<p>Matchtid i Division TRE \u00e4r ALLTID 18.00 \u2013 19.15.<\/p>\n\n\n\n<p>Uppeh\u00e5ll 6\/1 (trettondagen), 17\/2 (sportlov) samt 13\/4\n(annandag p\u00e5sk).<\/p>\n\n\n\n<p>F\u00f6rutom dessa 14 omg\u00e5ngar kommer vi att f\u00f6rs\u00f6ka erbjuda en\njult\u00e4vling till Halligans spelare (mer information om dessa kommer under\ns\u00e4songen). Vi kommer sannolikt ocks\u00e5 att ha en kamp mot K\u00f6penhamnslag under v\u00e5ren\n\u2013 detta \u00e5r i Malm\u00f6.<\/p>\n\n\n\n<p><strong>Generella instruktioner<\/strong><\/p>\n\n\n\n<p>H\u00e5ll matchtiden (55 min i div ETT och TV\u00c5 eller 70 min i div\nTRE). Ni som inte har egna skor\/klot \u2013 var i god tid s\u00e5 att ni kan b\u00f6rja spela\ndirekt vid matchstart.<\/p>\n\n\n\n<p>Visa h\u00e4nsyn vid\/p\u00e5 banorna.<\/p>\n\n\n\n<p>Saknas spelare p\u00e5 matchprotokollen \u2013 l\u00e4gg till dem, g\u00e4rna\nmed mailadress, och med personnummer om hall-licens beh\u00f6ver inskaffas av oss.<\/p>\n\n\n\n<p>Maila oss, d.v.s. Christer eller BK ABeCe, p\u00e5 (<a href=\"mailto:bowlingligan@gmail.com\">bowlingligan@gmail.com<\/a>) eller meddela\np\u00e5 Facebook kring tankar, \u00f6nskem\u00e5l eller annat som kan g\u00f6ra det b\u00e4ttre.<\/p>\n","protected":false},"excerpt":{"rendered":"<p>Baltiska Bowlinghallens Halliga Information och regler 2019-20 Lagformat Varje lag f\u00e5r inneh\u00e5lla max 10 spelare, d.v.s. ett lag kan kompletteras med fler spelare upp till denna gr\u00e4ns. En spelare f\u00e5r inte delta i mer \u00e4n ett lag. Varje spelare som inte har bowlinglicens skall anm\u00e4las med personnummer s\u00e5 att BK ABeCe kan teckna Hallicens f\u00f6r [&hellip;]<\/p>\n","protected":false},"author":1,"featured_media":0,"parent":547,"menu_order":9,"comment_status":"closed","ping_status":"closed","template":"","meta":{"footnotes":""},"class_list":["post-561","page","type-page","status-publish","hentry"],"_links":{"self":[{"href":"https:\/\/itcegame.se\/index.php?rest_route=\/wp\/v2\/pages\/561","targetHints":{"allow":["GET"]}}],"collection":[{"href":"https:\/\/itcegame.se\/index.php?rest_route=\/wp\/v2\/pages"}],"about":[{"href":"https:\/\/itcegame.se\/index.php?rest_route=\/wp\/v2\/types\/page"}],"author":[{"embeddable":true,"href":"https:\/\/itcegame.se\/index.php?rest_route=\/wp\/v2\/users\/1"}],"replies":[{"embeddable":true,"href":"https:\/\/itcegame.se\/index.php?rest_route=%2Fwp%2Fv2%2Fcomments&post=561"}],"version-history":[{"count":1,"href":"https:\/\/itcegame.se\/index.php?rest_route=\/wp\/v2\/pages\/561\/revisions"}],"predecessor-version":[{"id":562,"href":"https:\/\/itcegame.se\/index.php?rest_route=\/wp\/v2\/pages\/561\/revisions\/562"}],"up":[{"embeddable":true,"href":"https:\/\/itcegame.se\/index.php?rest_route=\/wp\/v2\/pages\/547"}],"wp:attachment":[{"href":"https:\/\/itcegame.se\/index.php?rest_route=%2Fwp%2Fv2%2Fmedia&parent=561"}],"curies":[{"name":"wp","href":"https:\/\/api.w.org\/{rel}","templated":true}]}}