{"id":549,"date":"2019-04-10T13:03:25","date_gmt":"2019-04-10T11:03:25","guid":{"rendered":"http:\/\/itcegame.se\/?page_id=549"},"modified":"2020-04-29T21:54:45","modified_gmt":"2020-04-29T19:54:45","slug":"anmalningsinformation-2020-21","status":"publish","type":"page","link":"https:\/\/itcegame.se\/?page_id=549","title":{"rendered":"Anm\u00e4lningsinformation 2020-21"},"content":{"rendered":"\n<h1 class=\"wp-block-heading\">Baltiska Bowlinghallens Halliga 2020-2021<\/h1>\n\n\n\n<p>Det \u00e4r snart dags f\u00f6r oss att \u00f6nska er en s\u00e5 trevlig sommar som det \u00e4r m\u00f6jligt att g\u00f6ra i detta l\u00e4ge. Vi hoppas att ni hinner b\u00e5de lata er, men ocks\u00e5 ladda upp inf\u00f6r s\u00e4songsstarten av Halligan.<\/p>\n\n\n\n<p>Vi vill tacka f\u00f6r den g\u00e5ngna s\u00e4songen trots att den avbr\u00f6ts i f\u00f6rtid samt er f\u00f6rst\u00e5else f\u00f6r de beslut som vi tvingades ta under v\u00e5rens olika skeden.<\/p>\n\n\n\n<p>Planera g\u00e4rna f\u00f6r att anm\u00e4la er innan ni g\u00e5r p\u00e5 semester s\u00e5 vi slipper \u201djaga\u201d er och ni slipper missa sista anm\u00e4lningsdag. Sprid det g\u00e4rna till kollegor p\u00e5 era f\u00f6retag, goda v\u00e4nner eller de som skulle uppskatta att spela bowling n\u00e5gon g\u00e5ng ibland med och mot andra.<\/p>\n\n\n\n<p>Planen \u00e4r att \u00e4ven n\u00e4sta \u00e5r genomf\u00f6ra en kamp mot v\u00e5ra v\u00e4nner p\u00e5 andra sidan sundet, men denna g\u00e5ng p\u00e5 v\u00e5ra hemmabanor. Planen \u00e4r ocks\u00e5 att k\u00f6ra med <strong>tre<\/strong> divisioner, men exakt format och antal lag per division f\u00e5r vi \u00e5terkomma med n\u00e4r vi vet mer exakt.<\/p>\n\n\n\n<p>Vi planerar att forts\u00e4tta med m\u00f6jligheten att ha upp till 10 spelare i laget (s\u00e5 l\u00e4nge de inte spelar i andra lag) f\u00f6r att slippa W.O. och sprida spelandet i era f\u00f6retag\/organisationer\/gemenskaper.<\/p>\n\n\n\n<p>Halligan kommer \u00e4ven n\u00e4sta \u00e5r att administreras via ABeCe s\u00e5 \u00e4r det \u00e4r samma PG som i fjor, d.v.s.<\/p>\n\n\n\n<p><strong><u>Postgironummer : 635191-0<\/u><\/strong>.<br><br><\/p>\n\n\n\n<p>Avgiften f\u00f6r kommande s\u00e4song blir <strong>3700 kr. <\/strong><\/p>\n\n\n\n<p>F\u00f6r er som hade lag i serien under den avbrutna s\u00e4songen 2019-20 ges ni 300 kr rabatt p\u00e5 detta, d.v.s. <strong>3400 kr.<\/strong><\/p>\n\n\n\n<ul class=\"wp-block-list\"><li>N\u00e4r ni betalar och\/eller anm\u00e4ler er &nbsp;&nbsp;&nbsp;&nbsp;&nbsp;&nbsp;&nbsp;&nbsp;&nbsp;&nbsp;&nbsp;&nbsp;&nbsp;&nbsp;&nbsp;&nbsp;&nbsp;&nbsp;&nbsp;&nbsp;&nbsp;&nbsp;&nbsp;&nbsp;&nbsp;&nbsp; \u2013 skriv in ert lagnamn s\u00e5 vi hittar er direkt.<\/li><\/ul>\n\n\n\n<p>Skicka g\u00e4rna ocks\u00e5 ett anm\u00e4lningsmejl till <a href=\"mailto:bowlingligan@gmail.com\">bowlingligan@gmail.com<\/a> med info om:<\/p>\n\n\n\n<ul class=\"wp-block-list\"><li>Har ni samma spelare i laget &nbsp;&nbsp;&nbsp;&nbsp;&nbsp;&nbsp;&nbsp;&nbsp;&nbsp;&nbsp;&nbsp;&nbsp;&nbsp;&nbsp;&nbsp;&nbsp;&nbsp;&nbsp;&nbsp;&nbsp;&nbsp;&nbsp;&nbsp;&nbsp;&nbsp;&nbsp;&nbsp;&nbsp;&nbsp;&nbsp;&nbsp;&nbsp;&nbsp;&nbsp;&nbsp;&nbsp;&nbsp;&nbsp;&nbsp; \u2013 skriv &#8221;samma spelare&#8221;.<\/li><li>Har ni \u00f6nskem\u00e5l om att spela i Division TV\u00c5\/TRE &nbsp;&nbsp; \u2013 skriva g\u00e4rna detta ocks\u00e5.<\/li><li>Om n\u00e5gon spelare i laget \u00e4ndrar licensform &nbsp;&nbsp;&nbsp;&nbsp;&nbsp;&nbsp;&nbsp;&nbsp;&nbsp;&nbsp;&nbsp; \u2013 komplettera med det ocks\u00e5.<\/li><\/ul>\n\n\n\n<p><strong>Sista anm\u00e4lningsdag \u00e4r 2020-07-15<\/strong> allt f\u00f6r att kunna dela upp ligorna och g\u00f6ra n\u00f6dv\u00e4ndig planering.<\/p>\n\n\n\n<p>Med f\u00f6rhoppning om en underbar sommar och v\u00e4l m\u00f6tt till h\u00f6sten igen !!<\/p>\n\n\n\n<p>Som vanligt \u2013 har ni n\u00e5gra fr\u00e5gor s\u00e5 maila oss (<a href=\"mailto:bowlingligan@gmail.com\">bowlingligan@gmail.com<\/a>) eller h\u00f6r av er p\u00e5 Halligans Facebook.<\/p>\n\n\n\n<p>Ta hand om Dig och de runtomkring Dig !<\/p>\n\n\n\n<p>Mvh ABeCe<\/p>\n\n\n\n<p><a href=\"https:\/\/itcegame.se\/?page_id=700\">Tillbaka<\/a><\/p>\n","protected":false},"excerpt":{"rendered":"<p>Baltiska Bowlinghallens Halliga 2020-2021 Det \u00e4r snart dags f\u00f6r oss att \u00f6nska er en s\u00e5 trevlig sommar som det \u00e4r m\u00f6jligt att g\u00f6ra i detta l\u00e4ge. Vi hoppas att ni hinner b\u00e5de lata er, men ocks\u00e5 ladda upp inf\u00f6r s\u00e4songsstarten av Halligan. Vi vill tacka f\u00f6r den g\u00e5ngna s\u00e4songen trots att den avbr\u00f6ts i f\u00f6rtid [&hellip;]<\/p>\n","protected":false},"author":1,"featured_media":0,"parent":700,"menu_order":99,"comment_status":"closed","ping_status":"closed","template":"","meta":{"footnotes":""},"class_list":["post-549","page","type-page","status-publish","hentry"],"_links":{"self":[{"href":"https:\/\/itcegame.se\/index.php?rest_route=\/wp\/v2\/pages\/549","targetHints":{"allow":["GET"]}}],"collection":[{"href":"https:\/\/itcegame.se\/index.php?rest_route=\/wp\/v2\/pages"}],"about":[{"href":"https:\/\/itcegame.se\/index.php?rest_route=\/wp\/v2\/types\/page"}],"author":[{"embeddable":true,"href":"https:\/\/itcegame.se\/index.php?rest_route=\/wp\/v2\/users\/1"}],"replies":[{"embeddable":true,"href":"https:\/\/itcegame.se\/index.php?rest_route=%2Fwp%2Fv2%2Fcomments&post=549"}],"version-history":[{"count":4,"href":"https:\/\/itcegame.se\/index.php?rest_route=\/wp\/v2\/pages\/549\/revisions"}],"predecessor-version":[{"id":705,"href":"https:\/\/itcegame.se\/index.php?rest_route=\/wp\/v2\/pages\/549\/revisions\/705"}],"up":[{"embeddable":true,"href":"https:\/\/itcegame.se\/index.php?rest_route=\/wp\/v2\/pages\/700"}],"wp:attachment":[{"href":"https:\/\/itcegame.se\/index.php?rest_route=%2Fwp%2Fv2%2Fmedia&parent=549"}],"curies":[{"name":"wp","href":"https:\/\/api.w.org\/{rel}","templated":true}]}}