{"id":432,"date":"2018-09-01T23:23:45","date_gmt":"2018-09-01T21:23:45","guid":{"rendered":"http:\/\/itcegame.se\/?page_id=432"},"modified":"2019-04-15T20:22:57","modified_gmt":"2019-04-15T18:22:57","slug":"resultattoppen","status":"publish","type":"page","link":"https:\/\/itcegame.se\/?page_id=432","title":{"rendered":"Resultattoppen"},"content":{"rendered":"<h6>Sidan uppdaterades 2019-04-15<\/h6>\n<table width=\"617\">\n<tbody>\n<tr>\n<td colspan=\"7\" width=\"617\">\n<h2>B\u00e4sta lagresultat (alla divisioner)<\/h2>\n<\/td>\n<\/tr>\n<tr>\n<td><\/td>\n<td><\/td>\n<td><\/td>\n<td><\/td>\n<td><\/td>\n<td><\/td>\n<td><\/td>\n<\/tr>\n<tr>\n<td>Lag<\/td>\n<td>Omg\u00e5ng<\/td>\n<td>Resultat<\/td>\n<td><\/td>\n<td><\/td>\n<td><\/td>\n<td><\/td>\n<\/tr>\n<tr>\n<td>fd Team Malmoe<\/td>\n<td>10<\/td>\n<td>2010<\/td>\n<td><\/td>\n<td><\/td>\n<td><\/td>\n<td><\/td>\n<\/tr>\n<tr>\n<td>\u00d6KF 1<\/td>\n<td>12<\/td>\n<td>1942<\/td>\n<td><\/td>\n<td><\/td>\n<td><\/td>\n<td><\/td>\n<\/tr>\n<tr>\n<td>Kylacc<\/td>\n<td>6<\/td>\n<td>1926<\/td>\n<td><\/td>\n<td><\/td>\n<td><\/td>\n<td><\/td>\n<\/tr>\n<tr>\n<td>Team Klopp<\/td>\n<td>9<\/td>\n<td>1899<\/td>\n<td><\/td>\n<td><\/td>\n<td><\/td>\n<td><\/td>\n<\/tr>\n<tr>\n<td>Str\u00f6ms<\/td>\n<td>4<\/td>\n<td>1893<\/td>\n<td><\/td>\n<td><\/td>\n<td><\/td>\n<td><\/td>\n<\/tr>\n<tr>\n<td>Byggkontroll<\/td>\n<td>7<\/td>\n<td>1869<\/td>\n<td><\/td>\n<td><\/td>\n<td><\/td>\n<td><\/td>\n<\/tr>\n<tr>\n<td>Total solskyddsmilj\u00f6<\/td>\n<td>7<\/td>\n<td>1839<\/td>\n<td><\/td>\n<td><\/td>\n<td><\/td>\n<td><\/td>\n<\/tr>\n<\/tbody>\n<\/table>\n<table width=\"617\">\n<tbody>\n<tr>\n<td colspan=\"7\" width=\"617\">\n<h2>B\u00e4sta individuella resultat (alla divisioner)<\/h2>\n<\/td>\n<\/tr>\n<tr>\n<td><\/td>\n<td><\/td>\n<td><\/td>\n<td><\/td>\n<td><\/td>\n<td><\/td>\n<td><\/td>\n<\/tr>\n<tr>\n<td>Spelare<\/td>\n<td>K\u00e4glor<\/td>\n<td>Lag<\/td>\n<td><\/td>\n<td><\/td>\n<td><\/td>\n<td><\/td>\n<\/tr>\n<tr>\n<td>Lindfors, Paul<\/td>\n<td>740<\/td>\n<td>Essen<\/td>\n<td><\/td>\n<td><\/td>\n<td><\/td>\n<td><\/td>\n<\/tr>\n<tr>\n<td>Nilsson, Jens<\/td>\n<td>734<\/td>\n<td>\u00d6KF 1<\/td>\n<td><\/td>\n<td><\/td>\n<td><\/td>\n<td><\/td>\n<\/tr>\n<tr>\n<td>Magnusson, J\u00f6rgen<\/td>\n<td>724<\/td>\n<td>Str\u00f6ms<\/td>\n<td><\/td>\n<td><\/td>\n<td><\/td>\n<td><\/td>\n<\/tr>\n<tr>\n<td>Ekberg, Christer<\/td>\n<td>724<\/td>\n<td>fd Team Malmoe<\/td>\n<td><\/td>\n<td><\/td>\n<td><\/td>\n<td><\/td>\n<\/tr>\n<tr>\n<td>Berghman, Lars<\/td>\n<td>722<\/td>\n<td>\u00d6KF 1<\/td>\n<td><\/td>\n<td><\/td>\n<td><\/td>\n<td><\/td>\n<\/tr>\n<tr>\n<td>Karlsson, Glenn<\/td>\n<td>719<\/td>\n<td>Kylacc<\/td>\n<td><\/td>\n<td><\/td>\n<td><\/td>\n<td><\/td>\n<\/tr>\n<tr>\n<td>Karlsson, Paul<\/td>\n<td>717<\/td>\n<td>Kylacc<\/td>\n<td><\/td>\n<td><\/td>\n<td><\/td>\n<td><\/td>\n<\/tr>\n<tr>\n<td>Koivisto, Niklas<\/td>\n<td>709<\/td>\n<td>Kylacc<\/td>\n<td><\/td>\n<td><\/td>\n<td><\/td>\n<td><\/td>\n<\/tr>\n<tr>\n<td>Wallin, Kent<\/td>\n<td>695<\/td>\n<td>fd Team Malmoe<\/td>\n<td><\/td>\n<td><\/td>\n<td><\/td>\n<td><\/td>\n<\/tr>\n<tr>\n<td>\u00d6sterlindh, Ulf<\/td>\n<td>689<\/td>\n<td>Team Klopp<\/td>\n<td><\/td>\n<td><\/td>\n<td><\/td>\n<td><\/td>\n<\/tr>\n<tr>\n<td>Larsson, Mats<\/td>\n<td>686<\/td>\n<td>Byggkontroll<\/td>\n<td><\/td>\n<td><\/td>\n<td><\/td>\n<td><\/td>\n<\/tr>\n<tr>\n<td>Nilsson, Johan<\/td>\n<td>685<\/td>\n<td>\u00d6KF 1<\/td>\n<td><\/td>\n<td><\/td>\n<td><\/td>\n<td><\/td>\n<\/tr>\n<tr>\n<td>Rask, H\u00e5kan<\/td>\n<td>681<\/td>\n<td>fd Team Malmoe<\/td>\n<td><\/td>\n<td><\/td>\n<td><\/td>\n<td><\/td>\n<\/tr>\n<tr>\n<td>Skartoft, Christer<\/td>\n<td>680<\/td>\n<td>Total solskyddsmilj\u00f6<\/td>\n<td><\/td>\n<td><\/td>\n<td><\/td>\n<td><\/td>\n<\/tr>\n<tr>\n<td>P\u00e4rzon, Mathias<\/td>\n<td>678<\/td>\n<td>\u00d6KF 1<\/td>\n<td><\/td>\n<td><\/td>\n<td><\/td>\n<td><\/td>\n<\/tr>\n<tr>\n<td>Fyhr, Dennis<\/td>\n<td>677<\/td>\n<td>\u00d6KF 1<\/td>\n<td><\/td>\n<td><\/td>\n<td><\/td>\n<td><\/td>\n<\/tr>\n<tr>\n<td>Olsson, Dennis<\/td>\n<td>668<\/td>\n<td>Olssons<\/td>\n<td><\/td>\n<td><\/td>\n<td><\/td>\n<td><\/td>\n<\/tr>\n<tr>\n<td>Nilsson, H\u00e5kan<\/td>\n<td>666<\/td>\n<td>Essen<\/td>\n<td><\/td>\n<td><\/td>\n<td><\/td>\n<td><\/td>\n<\/tr>\n<tr>\n<td>Persson, Peter<\/td>\n<td>664<\/td>\n<td>Byggkontroll<\/td>\n<td><\/td>\n<td><\/td>\n<td><\/td>\n<td><\/td>\n<\/tr>\n<tr>\n<td>Sj\u00f6lin, Mattias<\/td>\n<td>652<\/td>\n<td>Str\u00f6ms<\/td>\n<td><\/td>\n<td><\/td>\n<td><\/td>\n<td><\/td>\n<\/tr>\n<tr>\n<td>Christensen, Christian<\/td>\n<td>647<\/td>\n<td>Olssons<\/td>\n<td><\/td>\n<td><\/td>\n<td><\/td>\n<td><\/td>\n<\/tr>\n<tr>\n<td>Berndt, Yvonne<\/td>\n<td>644<\/td>\n<td>Surprice<\/td>\n<td><\/td>\n<td><\/td>\n<td><\/td>\n<td><\/td>\n<\/tr>\n<tr>\n<td>Gottfries, H\u00e5kan<\/td>\n<td>643<\/td>\n<td>Platts\u00e4ttningsbolaget<\/td>\n<td><\/td>\n<td><\/td>\n<td><\/td>\n<td><\/td>\n<\/tr>\n<tr>\n<td>Svensson, Anders<\/td>\n<td>639<\/td>\n<td>Team Klopp<\/td>\n<td><\/td>\n<td><\/td>\n<td><\/td>\n<td><\/td>\n<\/tr>\n<tr>\n<td>Nilsson, Leni<\/td>\n<td>634<\/td>\n<td>SBC<\/td>\n<td><\/td>\n<td><\/td>\n<td><\/td>\n<td><\/td>\n<\/tr>\n<tr>\n<td>J\u00f6nsson, Olle<\/td>\n<td>634<\/td>\n<td>Ex Skatt<\/td>\n<td><\/td>\n<td><\/td>\n<td><\/td>\n<td><\/td>\n<\/tr>\n<tr>\n<td><\/td>\n<td><\/td>\n<td><\/td>\n<td><\/td>\n<td><\/td>\n<td><\/td>\n<td><\/td>\n<\/tr>\n<tr>\n<td colspan=\"7\">\n<h2>B\u00e4sta resultat DAM (alla divisioner)<\/h2>\n<\/td>\n<\/tr>\n<tr>\n<td><\/td>\n<td><\/td>\n<td><\/td>\n<td><\/td>\n<td><\/td>\n<td><\/td>\n<td><\/td>\n<\/tr>\n<tr>\n<td>Berndt, Yvonne<\/td>\n<td>644<\/td>\n<td>Surprice<\/td>\n<td><\/td>\n<td><\/td>\n<td><\/td>\n<td><\/td>\n<\/tr>\n<tr>\n<td>Nilsson, Leni<\/td>\n<td>634<\/td>\n<td>SBC<\/td>\n<td><\/td>\n<td><\/td>\n<td><\/td>\n<td><\/td>\n<\/tr>\n<tr>\n<td>\u00d6sterlindh, Emelie<\/td>\n<td>618<\/td>\n<td>Team Klopp<\/td>\n<td><\/td>\n<td><\/td>\n<td><\/td>\n<td><\/td>\n<\/tr>\n<tr>\n<td>Svensson, Eva<\/td>\n<td>587<\/td>\n<td>SBC<\/td>\n<td><\/td>\n<td><\/td>\n<td><\/td>\n<td><\/td>\n<\/tr>\n<tr>\n<td>Olsson, Annette<\/td>\n<td>583<\/td>\n<td>SBC<\/td>\n<td><\/td>\n<td><\/td>\n<td><\/td>\n<td><\/td>\n<\/tr>\n<tr>\n<td>Andreasson, Annelie<\/td>\n<td>583<\/td>\n<td>Byggkontroll<\/td>\n<td><\/td>\n<td><\/td>\n<td><\/td>\n<td><\/td>\n<\/tr>\n<tr>\n<td>Mathisen, Vanja<\/td>\n<td>568<\/td>\n<td>SBC<\/td>\n<td><\/td>\n<td><\/td>\n<td><\/td>\n<td><\/td>\n<\/tr>\n<tr>\n<td>Borggren, \u00c5sa<\/td>\n<td>564<\/td>\n<td>Byggkontroll<\/td>\n<td><\/td>\n<td><\/td>\n<td><\/td>\n<td><\/td>\n<\/tr>\n<\/tbody>\n<\/table>\n<h2>Kuriosa fr\u00e5n h\u00f6sten 2018<\/h2>\n<h4>Snittb\u00e4st Division ETT<\/h4>\n<table width=\"476\">\n<tbody>\n<tr>\n<td width=\"139\">Spelare<\/td>\n<td width=\"132\">Lag<\/td>\n<td width=\"106\">Medel<\/td>\n<td width=\"99\">Matcher<\/td>\n<\/tr>\n<tr>\n<td>Karlsson, Glenn<\/td>\n<td>Kylacc<\/td>\n<td>664,50<\/td>\n<td>2<\/td>\n<\/tr>\n<tr>\n<td>Nilsson, Jens<\/td>\n<td>\u00d6KF 1<\/td>\n<td>659,33<\/td>\n<td>3<\/td>\n<\/tr>\n<tr>\n<td>Larsson, Mats<\/td>\n<td>Byggkontroll<\/td>\n<td>656,25<\/td>\n<td>4<\/td>\n<\/tr>\n<tr>\n<td>Fyhr, Dennis<\/td>\n<td>\u00d6KF 1<\/td>\n<td>624,20<\/td>\n<td>5<\/td>\n<\/tr>\n<tr>\n<td>Koivisto, Niklas<\/td>\n<td>Kylacc<\/td>\n<td>610,50<\/td>\n<td>6<\/td>\n<\/tr>\n<tr>\n<td>Magnusson, J\u00f6rgen<\/td>\n<td>Str\u00f6ms<\/td>\n<td>610,43<\/td>\n<td>7<\/td>\n<\/tr>\n<tr>\n<td>Karlsson, Paul<\/td>\n<td>Kylacc<\/td>\n<td>605,14<\/td>\n<td>7<\/td>\n<\/tr>\n<tr>\n<td>Olsson, Dennis<\/td>\n<td>Olssons<\/td>\n<td>589,29<\/td>\n<td>7<\/td>\n<\/tr>\n<tr>\n<td>\u00d6sterlindh, Ulf<\/td>\n<td>Team Klopp<\/td>\n<td>586,25<\/td>\n<td>4<\/td>\n<\/tr>\n<tr>\n<td>Nilsson, Johan<\/td>\n<td>\u00d6KF 1<\/td>\n<td>582,75<\/td>\n<td>4<\/td>\n<\/tr>\n<tr>\n<td>Persson, Peter<\/td>\n<td>Byggkontroll<\/td>\n<td>581,83<\/td>\n<td>6<\/td>\n<\/tr>\n<tr>\n<td>P\u00e4rzon, Mathias<\/td>\n<td>\u00d6KF 1<\/td>\n<td>581,60<\/td>\n<td>5<\/td>\n<\/tr>\n<tr>\n<td>Sj\u00f6lin, Roger<\/td>\n<td>Str\u00f6ms<\/td>\n<td>577,50<\/td>\n<td>2<\/td>\n<\/tr>\n<tr>\n<td>Palm, Sten-Inge<\/td>\n<td>Olssons<\/td>\n<td>568,00<\/td>\n<td>1<\/td>\n<\/tr>\n<tr>\n<td>Bj\u00f6rk, P-O<\/td>\n<td>Str\u00f6ms<\/td>\n<td>567,00<\/td>\n<td>1<\/td>\n<\/tr>\n<tr>\n<td>Rask, H\u00e5kan<\/td>\n<td>fd Team Malmoe<\/td>\n<td>563,71<\/td>\n<td>7<\/td>\n<\/tr>\n<tr>\n<td>Ekberg, Christer<\/td>\n<td>fd Team Malmoe<\/td>\n<td>562,86<\/td>\n<td>7<\/td>\n<\/tr>\n<tr>\n<td>Jacobsson, Mats<\/td>\n<td>Platts\u00e4ttningsbolaget<\/td>\n<td>562,17<\/td>\n<td>6<\/td>\n<\/tr>\n<tr>\n<td>Sj\u00f6lin, Mattias<\/td>\n<td>Str\u00f6ms<\/td>\n<td>560,00<\/td>\n<td>7<\/td>\n<\/tr>\n<tr>\n<td>Berghman, Lars<\/td>\n<td>\u00d6KF 1<\/td>\n<td>559,50<\/td>\n<td>4<\/td>\n<\/tr>\n<tr>\n<td>Martinsson, Alexander<\/td>\n<td>fd Team Malmoe<\/td>\n<td>557,00<\/td>\n<td>2<\/td>\n<\/tr>\n<tr>\n<td>Str\u00f6m, Anders<\/td>\n<td>Str\u00f6ms<\/td>\n<td>556,50<\/td>\n<td>4<\/td>\n<\/tr>\n<tr>\n<td>Christensen, Christian<\/td>\n<td>Olssons<\/td>\n<td>552,60<\/td>\n<td>5<\/td>\n<\/tr>\n<\/tbody>\n<\/table>\n<h4>Snittb\u00e4st Division TV\u00c5<\/h4>\n<table width=\"470\">\n<tbody>\n<tr>\n<td width=\"139\">Spelare<\/td>\n<td width=\"126\">Lag<\/td>\n<td width=\"106\">Medel<\/td>\n<td width=\"99\">Matcher<\/td>\n<\/tr>\n<tr>\n<td>J\u00f6nsson, Bo<\/td>\n<td>Mickes reklam<\/td>\n<td>624,00<\/td>\n<td>1<\/td>\n<\/tr>\n<tr>\n<td>Lindfors, Paul<\/td>\n<td>Essen<\/td>\n<td>596,67<\/td>\n<td>6<\/td>\n<\/tr>\n<tr>\n<td>Skartoft, Christer<\/td>\n<td>Total solskyddsmilj\u00f6<\/td>\n<td>584,40<\/td>\n<td>5<\/td>\n<\/tr>\n<tr>\n<td>Nilsson, H\u00e5kan<\/td>\n<td>Essen<\/td>\n<td>584,33<\/td>\n<td>6<\/td>\n<\/tr>\n<tr>\n<td>Berndt, Yvonne<\/td>\n<td>Surprice<\/td>\n<td>557,33<\/td>\n<td>6<\/td>\n<\/tr>\n<tr>\n<td>\u00d6hrn, Stefan<\/td>\n<td>Essen<\/td>\n<td>557,00<\/td>\n<td>2<\/td>\n<\/tr>\n<tr>\n<td>Nilsson, Jan<\/td>\n<td>Myrorna<\/td>\n<td>542,86<\/td>\n<td>7<\/td>\n<\/tr>\n<tr>\n<td>Nilsson, Maggot<\/td>\n<td>Myrorna<\/td>\n<td>525,71<\/td>\n<td>7<\/td>\n<\/tr>\n<tr>\n<td>Nilsson, Leni<\/td>\n<td>SBC<\/td>\n<td>525,40<\/td>\n<td>5<\/td>\n<\/tr>\n<tr>\n<td>Hoffstr\u00f6m, Roger<\/td>\n<td>Myrorna<\/td>\n<td>522,86<\/td>\n<td>7<\/td>\n<\/tr>\n<tr>\n<td>Engdahl, Kenneth<\/td>\n<td>BeRoll Bygg<\/td>\n<td>518,29<\/td>\n<td>7<\/td>\n<\/tr>\n<tr>\n<td>Sundberg, Jan-Erik<\/td>\n<td>Total solskyddsmilj\u00f6<\/td>\n<td>518,20<\/td>\n<td>5<\/td>\n<\/tr>\n<tr>\n<td>Olsson, Annette<\/td>\n<td>SBC<\/td>\n<td>508,75<\/td>\n<td>4<\/td>\n<\/tr>\n<tr>\n<td>J\u00f6nsson, Mikael<\/td>\n<td>Mickes reklam<\/td>\n<td>502,71<\/td>\n<td>7<\/td>\n<\/tr>\n<tr>\n<td>Larsson, Gert<\/td>\n<td>Mickes reklam<\/td>\n<td>498,43<\/td>\n<td>7<\/td>\n<\/tr>\n<tr>\n<td>Lindholm, Roland<\/td>\n<td>BeRoll Bygg<\/td>\n<td>496,80<\/td>\n<td>5<\/td>\n<\/tr>\n<tr>\n<td>Persson, Charlotte<\/td>\n<td>SBC<\/td>\n<td>496,50<\/td>\n<td>4<\/td>\n<\/tr>\n<tr>\n<td>Bengtsson, Jan<\/td>\n<td>BeRoll Bygg<\/td>\n<td>495,00<\/td>\n<td>5<\/td>\n<\/tr>\n<tr>\n<td>Svensson, Eva<\/td>\n<td>SBC<\/td>\n<td>494,50<\/td>\n<td>4<\/td>\n<\/tr>\n<tr>\n<td>Trensell, H\u00e5kan<\/td>\n<td>Total solskyddsmilj\u00f6<\/td>\n<td>488,29<\/td>\n<td>7<\/td>\n<\/tr>\n<\/tbody>\n<\/table>\n<h4>Snittb\u00e4st Division TRE<\/h4>\n<table width=\"476\">\n<tbody>\n<tr>\n<td width=\"139\">Spelare<\/td>\n<td width=\"132\">Lag<\/td>\n<td width=\"106\">Medel<\/td>\n<td width=\"99\">Matcher<\/td>\n<\/tr>\n<tr>\n<td>Thufvesson, B\u00f6rje<\/td>\n<td>Bravida<\/td>\n<td>518,83<\/td>\n<td>6<\/td>\n<\/tr>\n<tr>\n<td>Prytz, Tommy<\/td>\n<td>Halvtio<\/td>\n<td>516,33<\/td>\n<td>3<\/td>\n<\/tr>\n<tr>\n<td>N\u00e4sstr\u00f6m, Rickard<\/td>\n<td>Bravida<\/td>\n<td>501,00<\/td>\n<td>5<\/td>\n<\/tr>\n<tr>\n<td>Lindgren, Thomas<\/td>\n<td>Ztrajx<\/td>\n<td>495,50<\/td>\n<td>4<\/td>\n<\/tr>\n<tr>\n<td>J\u00f6nsson, Olle<\/td>\n<td>Ex Skatt<\/td>\n<td>494,00<\/td>\n<td>5<\/td>\n<\/tr>\n<tr>\n<td>Od\u00e9n, Jeanette<\/td>\n<td>Avec Plaisir<\/td>\n<td>486,50<\/td>\n<td>4<\/td>\n<\/tr>\n<tr>\n<td>Olsson, Leif<\/td>\n<td>Ex Skatt<\/td>\n<td>482,00<\/td>\n<td>2<\/td>\n<\/tr>\n<tr>\n<td>Olsson, Niklas<\/td>\n<td>Ztrajx<\/td>\n<td>474,00<\/td>\n<td>4<\/td>\n<\/tr>\n<tr>\n<td>Ackerstedt, Mats<\/td>\n<td>Ex Skatt<\/td>\n<td>471,25<\/td>\n<td>4<\/td>\n<\/tr>\n<tr>\n<td>Gr\u00f6nvall, Mikael<\/td>\n<td>Ztrajx<\/td>\n<td>470,00<\/td>\n<td>4<\/td>\n<\/tr>\n<tr>\n<td>Nilsson, Leif<\/td>\n<td>Avec Plaisir<\/td>\n<td>458,25<\/td>\n<td>4<\/td>\n<\/tr>\n<tr>\n<td>Larsson, Kristoffer<\/td>\n<td>Ztrajx<\/td>\n<td>455,00<\/td>\n<td>1<\/td>\n<\/tr>\n<tr>\n<td>Hagdahl, Eva<\/td>\n<td>PostNord<\/td>\n<td>453,20<\/td>\n<td>5<\/td>\n<\/tr>\n<tr>\n<td>Persson, Per-\u00c5ke<\/td>\n<td>Avec Plaisir<\/td>\n<td>447,40<\/td>\n<td>5<\/td>\n<\/tr>\n<tr>\n<td>Palm, Klas<\/td>\n<td>Halvtio<\/td>\n<td>431,50<\/td>\n<td>2<\/td>\n<\/tr>\n<tr>\n<td>Sj\u00f6blom, Magnus<\/td>\n<td>PostNord<\/td>\n<td>426,40<\/td>\n<td>5<\/td>\n<\/tr>\n<tr>\n<td>Olsson, Hans Erik<\/td>\n<td>Bravida<\/td>\n<td>425,50<\/td>\n<td>4<\/td>\n<\/tr>\n<tr>\n<td>Lampell, Bertil<\/td>\n<td>Halvtio<\/td>\n<td>423,00<\/td>\n<td>4<\/td>\n<\/tr>\n<tr>\n<td>Karlsson, Erik<\/td>\n<td>Ztrajx<\/td>\n<td>413,00<\/td>\n<td>4<\/td>\n<\/tr>\n<tr>\n<td>Nordstr\u00f6m, Mikael<\/td>\n<td>PostNord<\/td>\n<td>404,67<\/td>\n<td>3<\/td>\n<\/tr>\n<\/tbody>\n<\/table>\n<h4>Lagresultat per omg\u00e5ng<\/h4>\n<table width=\"422\">\n<tbody>\n<tr>\n<td width=\"132\">Lagresultat<\/td>\n<td width=\"74\">Omg<\/td>\n<td width=\"36\"><\/td>\n<td width=\"36\"><\/td>\n<td width=\"36\"><\/td>\n<td width=\"36\"><\/td>\n<td width=\"36\"><\/td>\n<td width=\"36\"><\/td>\n<\/tr>\n<tr>\n<td>Lag<\/td>\n<td>1<\/td>\n<td>2<\/td>\n<td>3<\/td>\n<td>4<\/td>\n<td>5<\/td>\n<td>6<\/td>\n<td>7<\/td>\n<\/tr>\n<tr>\n<td>\u00d6KF 1<\/td>\n<td>1747<\/td>\n<td>1763<\/td>\n<td>1677<\/td>\n<td>1933<\/td>\n<td>1851<\/td>\n<td>1840<\/td>\n<td>1765<\/td>\n<\/tr>\n<tr>\n<td>Str\u00f6ms<\/td>\n<td>1662<\/td>\n<td>1525<\/td>\n<td>1696<\/td>\n<td>1893<\/td>\n<td>1826<\/td>\n<td>1673<\/td>\n<td>1866<\/td>\n<\/tr>\n<tr>\n<td>Kylacc<\/td>\n<td>1607<\/td>\n<td>1582<\/td>\n<td>1663<\/td>\n<td>1640<\/td>\n<td>1700<\/td>\n<td>1926<\/td>\n<td>1826<\/td>\n<\/tr>\n<tr>\n<td>Byggkontroll<\/td>\n<td>1567<\/td>\n<td>1514<\/td>\n<td>1729<\/td>\n<td>1708<\/td>\n<td>1644<\/td>\n<td>1719<\/td>\n<td>1869<\/td>\n<\/tr>\n<tr>\n<td>fd Team Malmoe<\/td>\n<td>1576<\/td>\n<td>1633<\/td>\n<td>1622<\/td>\n<td>1697<\/td>\n<td>1812<\/td>\n<td>1551<\/td>\n<td>1764<\/td>\n<\/tr>\n<tr>\n<td>Team Klopp<\/td>\n<td>1864<\/td>\n<td>1499<\/td>\n<td>1567<\/td>\n<td>1566<\/td>\n<td>1791<\/td>\n<td>1724<\/td>\n<td>1564<\/td>\n<\/tr>\n<tr>\n<td>Essen<\/td>\n<td>1523<\/td>\n<td>1747<\/td>\n<td>1707<\/td>\n<td>1627<\/td>\n<td>1517<\/td>\n<td>1749<\/td>\n<td>1569<\/td>\n<\/tr>\n<tr>\n<td>Olssons<\/td>\n<td>1687<\/td>\n<td>1641<\/td>\n<td>1587<\/td>\n<td>1585<\/td>\n<td>1750<\/td>\n<td>1514<\/td>\n<td>1664<\/td>\n<\/tr>\n<tr>\n<td>Myrorna<\/td>\n<td>1628<\/td>\n<td>1597<\/td>\n<td>1613<\/td>\n<td>1434<\/td>\n<td>1638<\/td>\n<td>1556<\/td>\n<td>1674<\/td>\n<\/tr>\n<tr>\n<td>Platts\u00e4ttningsbolaget<\/td>\n<td>1585<\/td>\n<td>1553<\/td>\n<td>1662<\/td>\n<td>1588<\/td>\n<td>1418<\/td>\n<td>1648<\/td>\n<td>1643<\/td>\n<\/tr>\n<tr>\n<td>Total solskyddsmilj\u00f6<\/td>\n<td>1430<\/td>\n<td>1515<\/td>\n<td>1492<\/td>\n<td>1655<\/td>\n<td>1581<\/td>\n<td>1489<\/td>\n<td>1839<\/td>\n<\/tr>\n<tr>\n<td>SBC<\/td>\n<td>1450<\/td>\n<td>1513<\/td>\n<td>1457<\/td>\n<td>1521<\/td>\n<td>1501<\/td>\n<td>1566<\/td>\n<td>1485<\/td>\n<\/tr>\n<tr>\n<td>Mickes reklam<\/td>\n<td>1675<\/td>\n<td>1471<\/td>\n<td>1452<\/td>\n<td>1611<\/td>\n<td>1420<\/td>\n<td>1278<\/td>\n<td>1572<\/td>\n<\/tr>\n<tr>\n<td>BeRoll Bygg<\/td>\n<td>1468<\/td>\n<td>1463<\/td>\n<td>1393<\/td>\n<td>1370<\/td>\n<td>1540<\/td>\n<td>1476<\/td>\n<td>1638<\/td>\n<\/tr>\n<tr>\n<td>BK Playax<\/td>\n<td>1342<\/td>\n<td>1391<\/td>\n<td>1376<\/td>\n<td>1432<\/td>\n<td>1525<\/td>\n<td>1540<\/td>\n<td>1571<\/td>\n<\/tr>\n<tr>\n<td>Surprice<\/td>\n<td>1441<\/td>\n<td>1420<\/td>\n<td>1388<\/td>\n<td>1435<\/td>\n<td>1456<\/td>\n<td>974<\/td>\n<td>1417<\/td>\n<\/tr>\n<tr>\n<td>Bravida<\/td>\n<td>1364<\/td>\n<td>1438<\/td>\n<td>1422<\/td>\n<td>1389<\/td>\n<td>1362<\/td>\n<td>1566<\/td>\n<td><\/td>\n<\/tr>\n<tr>\n<td>Ex Skatt<\/td>\n<td><\/td>\n<td>1410<\/td>\n<td>1570<\/td>\n<td>1356<\/td>\n<td>1478<\/td>\n<td>1389<\/td>\n<td>1271<\/td>\n<\/tr>\n<tr>\n<td>Ztrajx<\/td>\n<td>1426<\/td>\n<td>1357<\/td>\n<td><\/td>\n<td>1459<\/td>\n<td>1285<\/td>\n<td>1302<\/td>\n<td>1544<\/td>\n<\/tr>\n<tr>\n<td>Avec Plaisir<\/td>\n<td>1393<\/td>\n<td>1239<\/td>\n<td>1373<\/td>\n<td>1336<\/td>\n<td>1359<\/td>\n<td><\/td>\n<td>1317<\/td>\n<\/tr>\n<tr>\n<td>Halvtio<\/td>\n<td>1445<\/td>\n<td>1153<\/td>\n<td>1404<\/td>\n<td><\/td>\n<td>1341<\/td>\n<td>1191<\/td>\n<td>1373<\/td>\n<\/tr>\n<tr>\n<td>PostNord<\/td>\n<td>1159<\/td>\n<td><\/td>\n<td>1252<\/td>\n<td>942<\/td>\n<td>1309<\/td>\n<td>1448<\/td>\n<td>1212<\/td>\n<\/tr>\n<tr>\n<td>Penny Strait Pinwings<\/td>\n<td>784<\/td>\n<td>830<\/td>\n<td>870<\/td>\n<td>926<\/td>\n<td><\/td>\n<td>1012<\/td>\n<td>941<\/td>\n<\/tr>\n<\/tbody>\n<\/table>\n<h2>Summa k\u00e4glor per datum och serie<\/h2>\n<table width=\"272\">\n<tbody>\n<tr>\n<td width=\"114\">Summa av K\u00e4glor<\/td>\n<td width=\"53\">Serie<\/td>\n<td width=\"54\"><\/td>\n<td width=\"51\"><\/td>\n<\/tr>\n<tr>\n<td>Datum<\/td>\n<td>Div TRE<\/td>\n<td>Div TV\u00c5<\/td>\n<td>Div ETT<\/td>\n<\/tr>\n<tr>\n<td>2018-09-10<\/td>\n<td><\/td>\n<td>11957<\/td>\n<td>13295<\/td>\n<\/tr>\n<tr>\n<td>2018-09-17<\/td>\n<td>7571<\/td>\n<td><\/td>\n<td><\/td>\n<\/tr>\n<tr>\n<td>2018-09-24<\/td>\n<td><\/td>\n<td>12117<\/td>\n<td>12710<\/td>\n<\/tr>\n<tr>\n<td>2018-10-01<\/td>\n<td>7427<\/td>\n<td><\/td>\n<td><\/td>\n<\/tr>\n<tr>\n<td>2018-10-08<\/td>\n<td><\/td>\n<td>11878<\/td>\n<td>13203<\/td>\n<\/tr>\n<tr>\n<td>2018-10-15<\/td>\n<td>7891<\/td>\n<td><\/td>\n<td><\/td>\n<\/tr>\n<tr>\n<td>2018-10-22<\/td>\n<td><\/td>\n<td>12085<\/td>\n<td>13610<\/td>\n<\/tr>\n<tr>\n<td>2018-10-29<\/td>\n<td>7408<\/td>\n<td><\/td>\n<td><\/td>\n<\/tr>\n<tr>\n<td>2018-11-05<\/td>\n<td><\/td>\n<td>12178<\/td>\n<td>13792<\/td>\n<\/tr>\n<tr>\n<td>2018-11-12<\/td>\n<td>8134<\/td>\n<td><\/td>\n<td><\/td>\n<\/tr>\n<tr>\n<td>2018-11-19<\/td>\n<td><\/td>\n<td>11628<\/td>\n<td>13595<\/td>\n<\/tr>\n<tr>\n<td>2018-11-26<\/td>\n<td>7908<\/td>\n<td><\/td>\n<td><\/td>\n<\/tr>\n<tr>\n<td>2018-12-03<\/td>\n<td><\/td>\n<td>12765<\/td>\n<td>13961<\/td>\n<\/tr>\n<tr>\n<td>2018-12-10<\/td>\n<td>7658<\/td>\n<td><\/td>\n<td><\/td>\n<\/tr>\n<\/tbody>\n<\/table>\n<p><a href=\"https:\/\/itcegame.se\/?page_id=385\">Tillbaka<\/a><\/p>\n","protected":false},"excerpt":{"rendered":"<p>Sidan uppdaterades 2019-04-15 B\u00e4sta lagresultat (alla divisioner) Lag Omg\u00e5ng Resultat fd Team Malmoe 10 2010 \u00d6KF 1 12 1942 Kylacc 6 1926 Team Klopp 9 1899 Str\u00f6ms 4 1893 Byggkontroll 7 1869 Total solskyddsmilj\u00f6 7 1839 B\u00e4sta individuella resultat (alla divisioner) Spelare K\u00e4glor Lag Lindfors, Paul 740 Essen Nilsson, Jens 734 \u00d6KF 1 Magnusson, J\u00f6rgen [&hellip;]<\/p>\n","protected":false},"author":1,"featured_media":0,"parent":385,"menu_order":4,"comment_status":"closed","ping_status":"closed","template":"","meta":{"footnotes":""},"class_list":["post-432","page","type-page","status-publish","hentry"],"_links":{"self":[{"href":"https:\/\/itcegame.se\/index.php?rest_route=\/wp\/v2\/pages\/432","targetHints":{"allow":["GET"]}}],"collection":[{"href":"https:\/\/itcegame.se\/index.php?rest_route=\/wp\/v2\/pages"}],"about":[{"href":"https:\/\/itcegame.se\/index.php?rest_route=\/wp\/v2\/types\/page"}],"author":[{"embeddable":true,"href":"https:\/\/itcegame.se\/index.php?rest_route=\/wp\/v2\/users\/1"}],"replies":[{"embeddable":true,"href":"https:\/\/itcegame.se\/index.php?rest_route=%2Fwp%2Fv2%2Fcomments&post=432"}],"version-history":[{"count":28,"href":"https:\/\/itcegame.se\/index.php?rest_route=\/wp\/v2\/pages\/432\/revisions"}],"predecessor-version":[{"id":556,"href":"https:\/\/itcegame.se\/index.php?rest_route=\/wp\/v2\/pages\/432\/revisions\/556"}],"up":[{"embeddable":true,"href":"https:\/\/itcegame.se\/index.php?rest_route=\/wp\/v2\/pages\/385"}],"wp:attachment":[{"href":"https:\/\/itcegame.se\/index.php?rest_route=%2Fwp%2Fv2%2Fmedia&parent=432"}],"curies":[{"name":"wp","href":"https:\/\/api.w.org\/{rel}","templated":true}]}}