{"id":38,"date":"2011-12-16T20:38:38","date_gmt":"2011-12-16T19:38:38","guid":{"rendered":"http:\/\/itcegame.se\/?page_id=38"},"modified":"2016-06-26T13:51:55","modified_gmt":"2016-06-26T11:51:55","slug":"nordalort","status":"publish","type":"page","link":"https:\/\/itcegame.se\/?page_id=38","title":{"rendered":"N\u00f6rdal\u00f6rt"},"content":{"rendered":"<p>Ett skojigt numerisk spel (tycker jag) som antingen har stor potential eller faller ihop som ett korthus.<\/p>\n<p>Version : 0.9<\/p>\n<p>M\u00f6jlighet att expandera tankar kring : Mycket bra. Finns m\u00f6jligheter f\u00f6r b\u00e5de unga och \u00e4ldre.<\/p>\n<p>Turniv\u00e5 : Minimal<\/p>\n<p>Produktionsstart : Kanske som App&#8230;.<\/p>\n","protected":false},"excerpt":{"rendered":"<p>Ett skojigt numerisk spel (tycker jag) som antingen har stor potential eller faller ihop som ett korthus. Version : 0.9 M\u00f6jlighet att expandera tankar kring : Mycket bra. Finns m\u00f6jligheter f\u00f6r b\u00e5de unga och \u00e4ldre. Turniv\u00e5 : Minimal Produktionsstart : Kanske som App&#8230;.<\/p>\n","protected":false},"author":1,"featured_media":0,"parent":36,"menu_order":1,"comment_status":"closed","ping_status":"closed","template":"","meta":{"footnotes":""},"class_list":["post-38","page","type-page","status-publish","hentry"],"_links":{"self":[{"href":"https:\/\/itcegame.se\/index.php?rest_route=\/wp\/v2\/pages\/38","targetHints":{"allow":["GET"]}}],"collection":[{"href":"https:\/\/itcegame.se\/index.php?rest_route=\/wp\/v2\/pages"}],"about":[{"href":"https:\/\/itcegame.se\/index.php?rest_route=\/wp\/v2\/types\/page"}],"author":[{"embeddable":true,"href":"https:\/\/itcegame.se\/index.php?rest_route=\/wp\/v2\/users\/1"}],"replies":[{"embeddable":true,"href":"https:\/\/itcegame.se\/index.php?rest_route=%2Fwp%2Fv2%2Fcomments&post=38"}],"version-history":[{"count":6,"href":"https:\/\/itcegame.se\/index.php?rest_route=\/wp\/v2\/pages\/38\/revisions"}],"predecessor-version":[{"id":188,"href":"https:\/\/itcegame.se\/index.php?rest_route=\/wp\/v2\/pages\/38\/revisions\/188"}],"up":[{"embeddable":true,"href":"https:\/\/itcegame.se\/index.php?rest_route=\/wp\/v2\/pages\/36"}],"wp:attachment":[{"href":"https:\/\/itcegame.se\/index.php?rest_route=%2Fwp%2Fv2%2Fmedia&parent=38"}],"curies":[{"name":"wp","href":"https:\/\/api.w.org\/{rel}","templated":true}]}}