{"id":283,"date":"2017-08-09T16:24:38","date_gmt":"2017-08-09T14:24:38","guid":{"rendered":"http:\/\/itcegame.se\/?page_id=283"},"modified":"2017-08-09T16:24:38","modified_gmt":"2017-08-09T14:24:38","slug":"baltiska-bowlinghallens-halliga","status":"publish","type":"page","link":"https:\/\/itcegame.se\/?page_id=283","title":{"rendered":"Baltiska Bowlinghallens Halliga"},"content":{"rendered":"<p>V\u00e4lkommen till resultat och regler f\u00f6r Halligan i bowling f\u00f6r Baltiska Bowlinghallen i Malm\u00f6.<\/p>\n<p>ALLA \u00e4r v\u00e4lkomna att delta i denna liga.<br \/>\nSkapa ett eget lag (3-5 personer) och anm\u00e4l er till oss f\u00f6r att f\u00e5 mer information, regler, avgifter och r\u00e5d.<\/p>\n<p>Vi n\u00e5s p\u00e5 mail bowlingligan (at) gmail.com.<\/p>\n<p>Eller bes\u00f6k Baltiska Bowlinghallen p\u00e5 Stadiongatan 25 i Malm\u00f6 s\u00e5 kan deras trevliga personal hj\u00e4lpa er med.<\/p>\n","protected":false},"excerpt":{"rendered":"<p>V\u00e4lkommen till resultat och regler f\u00f6r Halligan i bowling f\u00f6r Baltiska Bowlinghallen i Malm\u00f6. ALLA \u00e4r v\u00e4lkomna att delta i denna liga. Skapa ett eget lag (3-5 personer) och anm\u00e4l er till oss f\u00f6r att f\u00e5 mer information, regler, avgifter och r\u00e5d. Vi n\u00e5s p\u00e5 mail bowlingligan (at) gmail.com. Eller bes\u00f6k Baltiska Bowlinghallen p\u00e5 Stadiongatan [&hellip;]<\/p>\n","protected":false},"author":1,"featured_media":0,"parent":0,"menu_order":0,"comment_status":"closed","ping_status":"closed","template":"","meta":{"footnotes":""},"class_list":["post-283","page","type-page","status-publish","hentry"],"_links":{"self":[{"href":"https:\/\/itcegame.se\/index.php?rest_route=\/wp\/v2\/pages\/283","targetHints":{"allow":["GET"]}}],"collection":[{"href":"https:\/\/itcegame.se\/index.php?rest_route=\/wp\/v2\/pages"}],"about":[{"href":"https:\/\/itcegame.se\/index.php?rest_route=\/wp\/v2\/types\/page"}],"author":[{"embeddable":true,"href":"https:\/\/itcegame.se\/index.php?rest_route=\/wp\/v2\/users\/1"}],"replies":[{"embeddable":true,"href":"https:\/\/itcegame.se\/index.php?rest_route=%2Fwp%2Fv2%2Fcomments&post=283"}],"version-history":[{"count":1,"href":"https:\/\/itcegame.se\/index.php?rest_route=\/wp\/v2\/pages\/283\/revisions"}],"predecessor-version":[{"id":284,"href":"https:\/\/itcegame.se\/index.php?rest_route=\/wp\/v2\/pages\/283\/revisions\/284"}],"wp:attachment":[{"href":"https:\/\/itcegame.se\/index.php?rest_route=%2Fwp%2Fv2%2Fmedia&parent=283"}],"curies":[{"name":"wp","href":"https:\/\/api.w.org\/{rel}","templated":true}]}}