{"id":1718,"date":"2025-07-13T11:10:28","date_gmt":"2025-07-13T09:10:28","guid":{"rendered":"https:\/\/itcegame.se\/?page_id=1718"},"modified":"2025-09-08T23:41:21","modified_gmt":"2025-09-08T21:41:21","slug":"halligan-2025-2026","status":"publish","type":"page","link":"https:\/\/itcegame.se\/?page_id=1718","title":{"rendered":"Halligan 2025-2026"},"content":{"rendered":"\n<p>\u00c4nnu en s\u00e4song med skoj spel f\u00f6r v\u00e5ra lag.<\/p>\n\n\n\n<p>Spelstart 19.00 m\u00e5ndagar.<\/p>\n\n\n\n<p><\/p>\n\n\n\n<h2 class=\"wp-block-heading\">L\u00e4nkar<\/h2>\n\n\n\n<p><a href=\"https:\/\/itcegame.se\/?page_id=1720\" data-type=\"page\" data-id=\"1720\">Division ETT<\/a><\/p>\n\n\n\n<p><a href=\"https:\/\/itcegame.se\/?page_id=1722\" data-type=\"page\" data-id=\"1722\">Division TV\u00c5<\/a><\/p>\n\n\n\n<p><a href=\"https:\/\/itcegame.se\/?page_id=1724\" data-type=\"page\" data-id=\"1724\">Resultattoppen<\/a><\/p>\n\n\n\n<p><\/p>\n\n\n\n<p><br><\/p>\n","protected":false},"excerpt":{"rendered":"<p>\u00c4nnu en s\u00e4song med skoj spel f\u00f6r v\u00e5ra lag. Spelstart 19.00 m\u00e5ndagar. L\u00e4nkar Division ETT Division TV\u00c5 Resultattoppen<\/p>\n","protected":false},"author":1,"featured_media":0,"parent":283,"menu_order":2025,"comment_status":"closed","ping_status":"closed","template":"","meta":{"footnotes":""},"class_list":["post-1718","page","type-page","status-publish","hentry"],"_links":{"self":[{"href":"https:\/\/itcegame.se\/index.php?rest_route=\/wp\/v2\/pages\/1718","targetHints":{"allow":["GET"]}}],"collection":[{"href":"https:\/\/itcegame.se\/index.php?rest_route=\/wp\/v2\/pages"}],"about":[{"href":"https:\/\/itcegame.se\/index.php?rest_route=\/wp\/v2\/types\/page"}],"author":[{"embeddable":true,"href":"https:\/\/itcegame.se\/index.php?rest_route=\/wp\/v2\/users\/1"}],"replies":[{"embeddable":true,"href":"https:\/\/itcegame.se\/index.php?rest_route=%2Fwp%2Fv2%2Fcomments&post=1718"}],"version-history":[{"count":8,"href":"https:\/\/itcegame.se\/index.php?rest_route=\/wp\/v2\/pages\/1718\/revisions"}],"predecessor-version":[{"id":1760,"href":"https:\/\/itcegame.se\/index.php?rest_route=\/wp\/v2\/pages\/1718\/revisions\/1760"}],"up":[{"embeddable":true,"href":"https:\/\/itcegame.se\/index.php?rest_route=\/wp\/v2\/pages\/283"}],"wp:attachment":[{"href":"https:\/\/itcegame.se\/index.php?rest_route=%2Fwp%2Fv2%2Fmedia&parent=1718"}],"curies":[{"name":"wp","href":"https:\/\/api.w.org\/{rel}","templated":true}]}}