{"id":161,"date":"2016-06-19T23:47:46","date_gmt":"2016-06-19T21:47:46","guid":{"rendered":"http:\/\/itcegame.se\/?page_id=161"},"modified":"2017-04-10T22:05:56","modified_gmt":"2017-04-10T20:05:56","slug":"division-1","status":"publish","type":"page","link":"https:\/\/itcegame.se\/?page_id=161","title":{"rendered":"Division 1"},"content":{"rendered":"<p>Division 1<\/p>\n<p>Resultat fr\u00e5n omg\u00e5ng 14 (2017-04-10)<\/p>\n<table width=\"547\">\n<tbody>\n<tr>\n<td width=\"191\">Zotrell&#8217;s<\/td>\n<td width=\"191\">Ztrajx<\/td>\n<td width=\"89\">15<\/td>\n<td width=\"76\">3<\/td>\n<\/tr>\n<tr>\n<td>Europahus<\/td>\n<td>Elektro Kroon<\/td>\n<td>12<\/td>\n<td>6<\/td>\n<\/tr>\n<tr>\n<td>\u00d6KF 3<\/td>\n<td>Balls of fire<\/td>\n<td>12<\/td>\n<td>6<\/td>\n<\/tr>\n<tr>\n<td>Platts\u00e4ttningsbolaget<\/td>\n<td>Surprice<\/td>\n<td>17<\/td>\n<td>1<\/td>\n<\/tr>\n<tr>\n<td>Malm\u00f6 Zebbe<\/td>\n<td>\u00d6KF 2<\/td>\n<td>7<\/td>\n<td>11<\/td>\n<\/tr>\n<tr>\n<td>Near Mach<\/td>\n<td>Total solskyddsmlj\u00f6<\/td>\n<td>7,5<\/td>\n<td>10,5<\/td>\n<\/tr>\n<tr>\n<td>Mickes reklam<\/td>\n<td>Posten 1<\/td>\n<td>17<\/td>\n<td>1<\/td>\n<\/tr>\n<tr>\n<td>Str\u00f6ms<\/td>\n<td>Bravida<\/td>\n<td>15<\/td>\n<td>3<\/td>\n<\/tr>\n<tr>\n<td>SBC<\/td>\n<td>PostNord<\/td>\n<td>12<\/td>\n<td>6<\/td>\n<\/tr>\n<tr>\n<td>Kylacc<\/td>\n<td>Hellens pl\u00e5t<\/td>\n<td>18<\/td>\n<td>0<\/td>\n<\/tr>\n<tr>\n<td>\u00d6KF 1<\/td>\n<td>Olssons<\/td>\n<td>17<\/td>\n<td>1<\/td>\n<\/tr>\n<tr>\n<td>Myrorna<\/td>\n<td>Skatteverket<\/td>\n<td>13<\/td>\n<td>5<\/td>\n<\/tr>\n<\/tbody>\n<\/table>\n<p>&nbsp;<\/p>\n<p>St\u00e4llning i tabellen<\/p>\n<table width=\"575\">\n<tbody>\n<tr>\n<td width=\"191\">Lagnamn<\/td>\n<td width=\"64\">Matcher<\/td>\n<td width=\"64\">V<\/td>\n<td width=\"64\">O<\/td>\n<td width=\"64\">F<\/td>\n<td width=\"64\">Kvot<\/td>\n<td width=\"64\">Po\u00e4ng<\/td>\n<\/tr>\n<tr>\n<td>Kylacc<\/td>\n<td>14<\/td>\n<td>12<\/td>\n<td>0<\/td>\n<td>2<\/td>\n<td>119<\/td>\n<td>24<\/td>\n<\/tr>\n<tr>\n<td>Europahus<\/td>\n<td>14<\/td>\n<td>11<\/td>\n<td>0<\/td>\n<td>3<\/td>\n<td>76<\/td>\n<td>22<\/td>\n<\/tr>\n<tr>\n<td>\u00d6KF 2<\/td>\n<td>14<\/td>\n<td>10<\/td>\n<td>0<\/td>\n<td>4<\/td>\n<td>93<\/td>\n<td>20<\/td>\n<\/tr>\n<tr>\n<td>\u00d6KF 1<\/td>\n<td>14<\/td>\n<td>9<\/td>\n<td>1<\/td>\n<td>4<\/td>\n<td>56<\/td>\n<td>19<\/td>\n<\/tr>\n<tr>\n<td>Near Mach<\/td>\n<td>14<\/td>\n<td>9<\/td>\n<td>0<\/td>\n<td>5<\/td>\n<td>32<\/td>\n<td>18<\/td>\n<\/tr>\n<tr>\n<td>\u00d6KF 3<\/td>\n<td>14<\/td>\n<td>9<\/td>\n<td>0<\/td>\n<td>5<\/td>\n<td>32<\/td>\n<td>18<\/td>\n<\/tr>\n<tr>\n<td>Zotrell&#8217;s<\/td>\n<td>14<\/td>\n<td>9<\/td>\n<td>0<\/td>\n<td>5<\/td>\n<td>28<\/td>\n<td>18<\/td>\n<\/tr>\n<tr>\n<td>Elektro Kroon<\/td>\n<td>14<\/td>\n<td>8<\/td>\n<td>0<\/td>\n<td>6<\/td>\n<td>44<\/td>\n<td>16<\/td>\n<\/tr>\n<tr>\n<td>Total solskyddsmlj\u00f6<\/td>\n<td>14<\/td>\n<td>8<\/td>\n<td>0<\/td>\n<td>6<\/td>\n<td>39<\/td>\n<td>16<\/td>\n<\/tr>\n<tr>\n<td>Myrorna<\/td>\n<td>14<\/td>\n<td>7<\/td>\n<td>2<\/td>\n<td>5<\/td>\n<td>34<\/td>\n<td>16<\/td>\n<\/tr>\n<tr>\n<td>SBC<\/td>\n<td>14<\/td>\n<td>8<\/td>\n<td>0<\/td>\n<td>6<\/td>\n<td>14<\/td>\n<td>16<\/td>\n<\/tr>\n<tr>\n<td>Mickes reklam<\/td>\n<td>14<\/td>\n<td>8<\/td>\n<td>0<\/td>\n<td>6<\/td>\n<td>4<\/td>\n<td>16<\/td>\n<\/tr>\n<tr>\n<td>Str\u00f6ms<\/td>\n<td>14<\/td>\n<td>7<\/td>\n<td>1<\/td>\n<td>6<\/td>\n<td>36<\/td>\n<td>15<\/td>\n<\/tr>\n<tr>\n<td>Hellens pl\u00e5t<\/td>\n<td>14<\/td>\n<td>7<\/td>\n<td>1<\/td>\n<td>6<\/td>\n<td>-12<\/td>\n<td>15<\/td>\n<\/tr>\n<tr>\n<td>Platts\u00e4ttningsbolaget<\/td>\n<td>14<\/td>\n<td>6<\/td>\n<td>2<\/td>\n<td>6<\/td>\n<td>24<\/td>\n<td>14<\/td>\n<\/tr>\n<tr>\n<td>Malm\u00f6 Zebbe<\/td>\n<td>14<\/td>\n<td>6<\/td>\n<td>2<\/td>\n<td>6<\/td>\n<td>20<\/td>\n<td>14<\/td>\n<\/tr>\n<tr>\n<td>Olssons<\/td>\n<td>14<\/td>\n<td>6<\/td>\n<td>0<\/td>\n<td>8<\/td>\n<td>-20<\/td>\n<td>12<\/td>\n<\/tr>\n<tr>\n<td>Skatteverket<\/td>\n<td>14<\/td>\n<td>5<\/td>\n<td>2<\/td>\n<td>7<\/td>\n<td>-40<\/td>\n<td>12<\/td>\n<\/tr>\n<tr>\n<td>Surprice<\/td>\n<td>14<\/td>\n<td>3<\/td>\n<td>3<\/td>\n<td>8<\/td>\n<td>-50<\/td>\n<td>9<\/td>\n<\/tr>\n<tr>\n<td>Ztrajx<\/td>\n<td>14<\/td>\n<td>4<\/td>\n<td>0<\/td>\n<td>10<\/td>\n<td>-104<\/td>\n<td>8<\/td>\n<\/tr>\n<tr>\n<td>Balls of fire<\/td>\n<td>14<\/td>\n<td>2<\/td>\n<td>3<\/td>\n<td>9<\/td>\n<td>-75<\/td>\n<td>7<\/td>\n<\/tr>\n<tr>\n<td>Bravida<\/td>\n<td>14<\/td>\n<td>2<\/td>\n<td>1<\/td>\n<td>11<\/td>\n<td>-64<\/td>\n<td>5<\/td>\n<\/tr>\n<tr>\n<td>Posten 1<\/td>\n<td>14<\/td>\n<td>2<\/td>\n<td>1<\/td>\n<td>11<\/td>\n<td>-124<\/td>\n<td>5<\/td>\n<\/tr>\n<tr>\n<td>PostNord<\/td>\n<td>14<\/td>\n<td>0<\/td>\n<td>1<\/td>\n<td>13<\/td>\n<td>-162<\/td>\n<td>1<\/td>\n<\/tr>\n<\/tbody>\n<\/table>\n<hr \/>\n<p>&nbsp;<\/p>\n<p><strong>S\u00e4songen \u00e4r slutspelad<\/strong><\/p>\n<p>&nbsp;<\/p>\n<p><a href=\"https:\/\/itcegame.se\/?page_id=159\">Tillbaka<\/a><\/p>\n","protected":false},"excerpt":{"rendered":"<p>Division 1 Resultat fr\u00e5n omg\u00e5ng 14 (2017-04-10) Zotrell&#8217;s Ztrajx 15 3 Europahus Elektro Kroon 12 6 \u00d6KF 3 Balls of fire 12 6 Platts\u00e4ttningsbolaget Surprice 17 1 Malm\u00f6 Zebbe \u00d6KF 2 7 11 Near Mach Total solskyddsmlj\u00f6 7,5 10,5 Mickes reklam Posten 1 17 1 Str\u00f6ms Bravida 15 3 SBC PostNord 12 6 Kylacc Hellens [&hellip;]<\/p>\n","protected":false},"author":1,"featured_media":0,"parent":159,"menu_order":0,"comment_status":"closed","ping_status":"closed","template":"page-templates\/full-width.php","meta":{"footnotes":""},"class_list":["post-161","page","type-page","status-publish","hentry"],"_links":{"self":[{"href":"https:\/\/itcegame.se\/index.php?rest_route=\/wp\/v2\/pages\/161","targetHints":{"allow":["GET"]}}],"collection":[{"href":"https:\/\/itcegame.se\/index.php?rest_route=\/wp\/v2\/pages"}],"about":[{"href":"https:\/\/itcegame.se\/index.php?rest_route=\/wp\/v2\/types\/page"}],"author":[{"embeddable":true,"href":"https:\/\/itcegame.se\/index.php?rest_route=\/wp\/v2\/users\/1"}],"replies":[{"embeddable":true,"href":"https:\/\/itcegame.se\/index.php?rest_route=%2Fwp%2Fv2%2Fcomments&post=161"}],"version-history":[{"count":39,"href":"https:\/\/itcegame.se\/index.php?rest_route=\/wp\/v2\/pages\/161\/revisions"}],"predecessor-version":[{"id":787,"href":"https:\/\/itcegame.se\/index.php?rest_route=\/wp\/v2\/pages\/161\/revisions\/787"}],"up":[{"embeddable":true,"href":"https:\/\/itcegame.se\/index.php?rest_route=\/wp\/v2\/pages\/159"}],"wp:attachment":[{"href":"https:\/\/itcegame.se\/index.php?rest_route=%2Fwp%2Fv2%2Fmedia&parent=161"}],"curies":[{"name":"wp","href":"https:\/\/api.w.org\/{rel}","templated":true}]}}