{"id":1487,"date":"2024-05-16T14:11:41","date_gmt":"2024-05-16T12:11:41","guid":{"rendered":"https:\/\/itcegame.se\/?page_id=1487"},"modified":"2025-07-13T11:06:47","modified_gmt":"2025-07-13T09:06:47","slug":"halligan-2024-25","status":"publish","type":"page","link":"https:\/\/itcegame.se\/?page_id=1487","title":{"rendered":"Halligan 2024-25"},"content":{"rendered":"\n<p><\/p>\n\n\n\n<p>Som vanligt spelas detta p\u00e5 Baltiska Bowlinghallen i Malm\u00f6 p\u00e5 m\u00e5ndagar \u2013 normalt sett 19.00 \u2013 20.00.<\/p>\n\n\n\n<p><\/p>\n\n\n\n<h2 class=\"wp-block-heading\">L\u00e4nkar till divisionerna<\/h2>\n\n\n\n<p><a href=\"https:\/\/itcegame.se\/?page_id=1519\" data-type=\"page\" data-id=\"1519\">Division ETT<\/a><\/p>\n\n\n\n<p><a href=\"https:\/\/itcegame.se\/?page_id=1521\" data-type=\"page\" data-id=\"1521\">Division TV\u00c5<\/a><\/p>\n\n\n\n<p><a href=\"https:\/\/itcegame.se\/?page_id=1525\" data-type=\"page\" data-id=\"1525\">Resultattoppen<\/a><\/p>\n\n\n\n<p><\/p>\n\n\n\n<p><\/p>\n\n\n\n<p><\/p>\n\n\n\n<p><\/p>\n\n\n\n<p><\/p>\n\n\n\n<p><\/p>\n\n\n\n<p><\/p>\n\n\n\n<h2 class=\"wp-block-heading\">Anm\u00e4lningsinformation<\/h2>\n\n\n\n<p><strong>Prova att spela bowling i 3-mannalag (max 10 spelare per lag)<\/strong><\/p>\n\n\n\n<p><strong>Plats<\/strong> : Baltiska Bowlinghallen, Malm\u00f6<\/p>\n\n\n\n<p><strong>N\u00e4r<\/strong> : m\u00e5ndagar 19.00 \u2013 20.00 (andra tider kan f\u00f6rekomma beroende p\u00e5 antal lag)<\/p>\n\n\n\n<p><strong>S\u00e4song<\/strong> : 14 omg\u00e5ngar med start 2024-09-09 och slut i april\/maj 2025.<\/p>\n\n\n\n<p><strong>Vem kan delta<\/strong> : Damer o herrar o mixade lag fr\u00e5n f\u00f6retag, f\u00f6reningar, kamratg\u00e4ng m.m.<\/p>\n\n\n\n<p><strong>Kostnad<\/strong> : 3900 kr \/ lag. Betalas efter anm\u00e4lan till Postgironummer : 635191-0.<\/p>\n\n\n\n<p><strong>Anm\u00e4lan\/betalning<\/strong> : Anm\u00e4l g\u00e4rna prelimin\u00e4rt intresse direkt, men betalning senast <strong>2024-08-23<\/strong>.<\/p>\n\n\n\n<p>Vill Du veta mer innan anm\u00e4lan ? Kontakta oss (info nedan).<\/p>\n\n\n\n<p>Tr\u00e4ning med tr\u00e4nare kan ordnas. Skor o klot kan l\u00e5nas\/hyras p\u00e5 hallen.<\/p>\n\n\n\n<p><strong><em>(F\u00f6r personer som <u>inte<\/u> redan \u00e4r anslutna till bowlingklubb beh\u00f6ver vi fullst\u00e4ndigt personnummer p\u00e5 alla spelare f\u00f6r hall-licens samt f\u00f6rs\u00e4kring. Ange detta vid anm\u00e4lan.)<\/em><\/strong><\/p>\n\n\n\n<p>(Se g\u00e4rna ocks\u00e5 v\u00e5r Facebook-sida \u2013&nbsp; <a href=\"https:\/\/www.facebook.com\/groups\/1731765343760845\">Baltiska Bowlinghallen Halliga<\/a> )<\/p>\n\n\n\n<p><\/p>\n\n\n\n<p><\/p>\n\n\n\n<p><strong>Kontakta oss f\u00f6r info eller anm\u00e4lan<\/strong><\/p>\n\n\n\n<p>Peter Persson (0739-78 90 50) eller Per Bondesson (0705-84 92 14)<\/p>\n\n\n\n<p>Eller p\u00e5 mail till <a href=\"mailto:bowlingligan@gmail.com\">bowlingligan@gmail.com<\/a><\/p>\n\n\n\n<p><\/p>\n\n\n\n<h2 class=\"wp-block-heading\">Anm\u00e4lda lag<\/h2>\n\n\n\n<p>Lag \/ Datum \/ Betalt  <\/p>\n\n\n\n<ol class=\"wp-block-list\">\n<li><strong>Strike Queens \/ 2024-06-11 \/ Ja<\/strong><\/li>\n\n\n\n<li><strong>FLABBEN \/ 2024-05-24 \/ Ja<\/strong><\/li>\n\n\n\n<li>Str\u00f6ms \/ 2024-05-25 \/ Nej<\/li>\n\n\n\n<li>Tupp i h\u00f6nsg\u00e5rd \/ 2024-05-25 \/ Nej<\/li>\n\n\n\n<li>Ztrajks \/ 2024-05-27 \/ Nej<\/li>\n\n\n\n<li>Bravida \/ 2024-06-09 \/ Nej<\/li>\n\n\n\n<li>Tummarullet \/ 2024-06-09 \/ Nej<\/li>\n\n\n\n<li>BK Star \/ 2024-06-11 \/ Nej<\/li>\n\n\n\n<li>Triumf \/ 2024-07-01 \/ Nej<\/li>\n\n\n\n<li>Spare No One \/ 2024-07-01 \/ Nej<\/li>\n\n\n\n<li>Forza \/ 2024-07-02 \/ Nej<\/li>\n\n\n\n<li>SBC \/ 2024-07-12 \/ Nej<\/li>\n\n\n\n<li>BeRoll Bygg \/ 2024-07-26 \/ Nej<\/li>\n\n\n\n<li>Kylacc \/ 2024-07-27 \/ Nej<\/li>\n\n\n\n<li>(Mikael Blomkvist med fleras lag) \/ 2024-08-02 \/ Nej<\/li>\n\n\n\n<li>Super Highswing boysen \/ 2024-08-05 \/ Nej<\/li>\n\n\n\n<li><\/li>\n<\/ol>\n\n\n\n<p>Listan uppdaterades 2024-08-09.<\/p>\n","protected":false},"excerpt":{"rendered":"<p>Som vanligt spelas detta p\u00e5 Baltiska Bowlinghallen i Malm\u00f6 p\u00e5 m\u00e5ndagar \u2013 normalt sett 19.00 \u2013 20.00. L\u00e4nkar till divisionerna Division ETT Division TV\u00c5 Resultattoppen Anm\u00e4lningsinformation Prova att spela bowling i 3-mannalag (max 10 spelare per lag) Plats : Baltiska Bowlinghallen, Malm\u00f6 N\u00e4r : m\u00e5ndagar 19.00 \u2013 20.00 (andra tider kan f\u00f6rekomma beroende p\u00e5 antal [&hellip;]<\/p>\n","protected":false},"author":1,"featured_media":0,"parent":551,"menu_order":2024,"comment_status":"closed","ping_status":"closed","template":"","meta":{"footnotes":""},"class_list":["post-1487","page","type-page","status-publish","hentry"],"_links":{"self":[{"href":"https:\/\/itcegame.se\/index.php?rest_route=\/wp\/v2\/pages\/1487","targetHints":{"allow":["GET"]}}],"collection":[{"href":"https:\/\/itcegame.se\/index.php?rest_route=\/wp\/v2\/pages"}],"about":[{"href":"https:\/\/itcegame.se\/index.php?rest_route=\/wp\/v2\/types\/page"}],"author":[{"embeddable":true,"href":"https:\/\/itcegame.se\/index.php?rest_route=\/wp\/v2\/users\/1"}],"replies":[{"embeddable":true,"href":"https:\/\/itcegame.se\/index.php?rest_route=%2Fwp%2Fv2%2Fcomments&post=1487"}],"version-history":[{"count":18,"href":"https:\/\/itcegame.se\/index.php?rest_route=\/wp\/v2\/pages\/1487\/revisions"}],"predecessor-version":[{"id":1554,"href":"https:\/\/itcegame.se\/index.php?rest_route=\/wp\/v2\/pages\/1487\/revisions\/1554"}],"up":[{"embeddable":true,"href":"https:\/\/itcegame.se\/index.php?rest_route=\/wp\/v2\/pages\/551"}],"wp:attachment":[{"href":"https:\/\/itcegame.se\/index.php?rest_route=%2Fwp%2Fv2%2Fmedia&parent=1487"}],"curies":[{"name":"wp","href":"https:\/\/api.w.org\/{rel}","templated":true}]}}