{"id":1286,"date":"2023-07-11T07:54:35","date_gmt":"2023-07-11T05:54:35","guid":{"rendered":"https:\/\/itcegame.se\/?page_id=1286"},"modified":"2024-04-24T18:44:56","modified_gmt":"2024-04-24T16:44:56","slug":"resultattoppen","status":"publish","type":"page","link":"https:\/\/itcegame.se\/?page_id=1286","title":{"rendered":"Resultattoppen"},"content":{"rendered":"\n<p>Senast uppdaterad 2024-04-24<\/p>\n\n\n\n<h2 class=\"wp-block-heading\">B\u00e4sta lagresultat<\/h2>\n\n\n\n<figure class=\"wp-block-table\"><table><tbody><tr><td><strong><em>Lag<\/em><\/strong><\/td><td><strong><em>Omg<\/em><\/strong><\/td><td><strong><em>Resultat<\/em><\/strong><\/td><\/tr><tr><td>Kylacc<\/td><td>9<\/td><td>2124<\/td><\/tr><tr><td>Triumf 1<\/td><td>5<\/td><td>1989<\/td><\/tr><tr><td>Str\u00f6ms<\/td><td>13<\/td><td>1988<\/td><\/tr><tr><td>BK Star<\/td><td>7<\/td><td>1970<\/td><\/tr><tr><td>High swingboys<\/td><td>7<\/td><td>1951<\/td><\/tr><tr><td>Platts\u00e4ttningsbolaget<\/td><td>12<\/td><td>1951<\/td><\/tr><tr><td>Mickes reklam<\/td><td>14<\/td><td>1830<\/td><\/tr><\/tbody><\/table><\/figure>\n\n\n\n<h2 class=\"wp-block-heading\">B\u00e4sta dam (alla divisioner)<\/h2>\n\n\n\n<figure class=\"wp-block-table\"><table><tbody><tr><td><strong><em>Spelare<\/em><\/strong><\/td><td><strong><em>K\u00e4glor<\/em><\/strong><\/td><td><strong><em>Lag<\/em><\/strong><\/td><\/tr><tr><td>\u00d6sterlindh, Emelie<\/td><td>683<\/td><td>Triumf 1<\/td><\/tr><tr><td>Svantesson, Sandra<\/td><td>679<\/td><td>Mickes reklam<\/td><\/tr><tr><td>Berntsson, Sofi<\/td><td>651<\/td><td>Strike Queens<\/td><\/tr><tr><td>Berndt, Yvonne<\/td><td>621<\/td><td>Surprice<\/td><\/tr><tr><td>S\u00f6rensson, Josefin<\/td><td>597<\/td><td>Strike Queens<\/td><\/tr><\/tbody><\/table><\/figure>\n\n\n\n<h2 class=\"wp-block-heading\">B\u00e4sta resultat i Division TV\u00c5<\/h2>\n\n\n\n<figure class=\"wp-block-table\"><table><tbody><tr><td><strong><em>Spelare<\/em><\/strong><\/td><td><strong><em>K\u00e4glor<\/em><\/strong><\/td><td><strong><em>Lag<\/em><\/strong><\/td><\/tr><tr><td>Danielsson, Johan<\/td><td>715<\/td><td>Mickes reklam<\/td><\/tr><tr><td>Nilsson, Liam<\/td><td>697<\/td><td>Forza<\/td><\/tr><tr><td>Svantesson, Sandra<\/td><td>679<\/td><td>Mickes reklam<\/td><\/tr><\/tbody><\/table><\/figure>\n\n\n\n<h2 class=\"wp-block-heading\">B\u00e4sta resultat<\/h2>\n\n\n\n<figure class=\"wp-block-table\"><table><tbody><tr><td><strong><em>Spelare<\/em><\/strong><\/td><td><strong><em>K\u00e4glor<\/em><\/strong><\/td><td><strong><em>Lag<\/em><\/strong><\/td><\/tr><tr><td>Karlsson, Glenn<\/td><td>795<\/td><td>Kylacc<\/td><\/tr><tr><td>Sj\u00f6lin, Mattias<\/td><td>763<\/td><td>Str\u00f6ms<\/td><\/tr><tr><td>T\u00f6rnebohm, Pontus<\/td><td>737<\/td><td>Kylacc<\/td><\/tr><tr><td>\u00d6sterlindh, Ulf<\/td><td>722<\/td><td>Triumf 1<\/td><\/tr><tr><td>Henriksson, Bertil<\/td><td>720<\/td><td>Str\u00f6ms<\/td><\/tr><tr><td>Magnusson, Jocke<\/td><td>720<\/td><td>BK Star<\/td><\/tr><tr><td>Karlsson, Paul<\/td><td>717<\/td><td>Kylacc<\/td><\/tr><tr><td>Danielsson, Johan<\/td><td>715<\/td><td>Mickes reklam<\/td><\/tr><tr><td>Johansson, Linus<\/td><td>713<\/td><td>Platts\u00e4ttningsbolaget<\/td><\/tr><tr><td>Edlund, Tobias<\/td><td>704<\/td><td>Str\u00f6ms<\/td><\/tr><tr><td>Nilsson, Magnus<\/td><td>702<\/td><td>BK Star<\/td><\/tr><tr><td>Nilsson, Liam<\/td><td>697<\/td><td>Forza<\/td><\/tr><tr><td>Gottfries, H\u00e5kan<\/td><td>695<\/td><td>Platts\u00e4ttningsbolaget<\/td><\/tr><tr><td>Andersson, Peter<\/td><td>691<\/td><td>Platts\u00e4ttningsbolaget<\/td><\/tr><tr><td>Berghman, Lars<\/td><td>690<\/td><td>High swingboys<\/td><\/tr><tr><td>P\u00e4rzon, Mathias<\/td><td>688<\/td><td>High swingboys<\/td><\/tr><tr><td>\u00d6sterlindh, Emelie<\/td><td>683<\/td><td>Triumf 1<\/td><\/tr><tr><td>Ljungberg, Jonas<\/td><td>682<\/td><td>NoNameBowlers<\/td><\/tr><tr><td>Svantesson, Sandra<\/td><td>679<\/td><td>Mickes reklam<\/td><\/tr><tr><td>Persson, Peter<\/td><td>678<\/td><td>Triumf 1<\/td><\/tr><tr><td>Rosenqvist, Tony<\/td><td>675<\/td><td>Str\u00f6ms<\/td><\/tr><tr><td>Magnusson, J\u00f6rgen<\/td><td>666<\/td><td>Str\u00f6ms<\/td><\/tr><tr><td>Hoffstr\u00f6m, Roger<\/td><td>666<\/td><td>Forza<\/td><\/tr><tr><td>Agrell, Christer<\/td><td>664<\/td><td>Surprice<\/td><\/tr><tr><td>Fyhr, Dennis<\/td><td>661<\/td><td>High swingboys<\/td><\/tr><tr><td>Nilsson, Jens<\/td><td>656<\/td><td>High swingboys<\/td><\/tr><tr><td>Berntsson, Sofi<\/td><td>651<\/td><td>Strike Queens<\/td><\/tr><\/tbody><\/table><\/figure>\n\n\n\n<h2 class=\"wp-block-heading\">B\u00e4sta resultat \/ serie<\/h2>\n\n\n\n<figure class=\"wp-block-table\"><table><tbody><tr><td class=\"has-text-align-center\" data-align=\"center\"><strong>Serie 1<\/strong><\/td><td class=\"has-text-align-center\" data-align=\"center\"><strong>Serie 2<\/strong><\/td><td class=\"has-text-align-center\" data-align=\"center\"><strong>Serie 3<\/strong><\/td><\/tr><tr><td class=\"has-text-align-center\" data-align=\"center\">\u00d6sterlindh, Ulf \/ Triumf1 <br>(279)<\/td><td class=\"has-text-align-center\" data-align=\"center\">Karlsson, Glenn \/ Kylacc<br>samt<br>Fyhr, Dennis \/ High swingboys<br>(279)<\/td><td class=\"has-text-align-center\" data-align=\"center\">T\u00f6rnebohm, Pontus \/ Kylacc (299)<\/td><\/tr><tr><td class=\"has-text-align-center\" data-align=\"center\">Sj\u00f6lin, Mattias \/ Str\u00f6ms <br>(278)<\/td><td class=\"has-text-align-center\" data-align=\"center\">\u00d6sterlindh, Ulf \/ Triumf1 <br>samt <br>Karlsson, Paul \/ Kylacc (269)<\/td><td class=\"has-text-align-center\" data-align=\"center\">Karlsson, Glenn \/ Kylacc<br>(289)<\/td><\/tr><tr><td class=\"has-text-align-center\" data-align=\"center\">Rosenqvist, Tony \/ Str\u00f6ms <br>samt <br>Ljungberg, Jonas \/ NoNameBowlers<br>(268)<\/td><td class=\"has-text-align-center\" data-align=\"center\">Sj\u00f6lin, Mattias \/ Str\u00f6ms<br>(268)<\/td><td class=\"has-text-align-center\" data-align=\"center\">Karlsson, Paul \/ Kylacc<br>(280)<\/td><\/tr><\/tbody><\/table><\/figure>\n","protected":false},"excerpt":{"rendered":"<p>Senast uppdaterad 2024-04-24 B\u00e4sta lagresultat Lag Omg Resultat Kylacc 9 2124 Triumf 1 5 1989 Str\u00f6ms 13 1988 BK Star 7 1970 High swingboys 7 1951 Platts\u00e4ttningsbolaget 12 1951 Mickes reklam 14 1830 B\u00e4sta dam (alla divisioner) Spelare K\u00e4glor Lag \u00d6sterlindh, Emelie 683 Triumf 1 Svantesson, Sandra 679 Mickes reklam Berntsson, Sofi 651 Strike Queens [&hellip;]<\/p>\n","protected":false},"author":1,"featured_media":0,"parent":1278,"menu_order":99,"comment_status":"closed","ping_status":"closed","template":"","meta":{"footnotes":""},"class_list":["post-1286","page","type-page","status-publish","hentry"],"_links":{"self":[{"href":"https:\/\/itcegame.se\/index.php?rest_route=\/wp\/v2\/pages\/1286","targetHints":{"allow":["GET"]}}],"collection":[{"href":"https:\/\/itcegame.se\/index.php?rest_route=\/wp\/v2\/pages"}],"about":[{"href":"https:\/\/itcegame.se\/index.php?rest_route=\/wp\/v2\/types\/page"}],"author":[{"embeddable":true,"href":"https:\/\/itcegame.se\/index.php?rest_route=\/wp\/v2\/users\/1"}],"replies":[{"embeddable":true,"href":"https:\/\/itcegame.se\/index.php?rest_route=%2Fwp%2Fv2%2Fcomments&post=1286"}],"version-history":[{"count":29,"href":"https:\/\/itcegame.se\/index.php?rest_route=\/wp\/v2\/pages\/1286\/revisions"}],"predecessor-version":[{"id":1484,"href":"https:\/\/itcegame.se\/index.php?rest_route=\/wp\/v2\/pages\/1286\/revisions\/1484"}],"up":[{"embeddable":true,"href":"https:\/\/itcegame.se\/index.php?rest_route=\/wp\/v2\/pages\/1278"}],"wp:attachment":[{"href":"https:\/\/itcegame.se\/index.php?rest_route=%2Fwp%2Fv2%2Fmedia&parent=1286"}],"curies":[{"name":"wp","href":"https:\/\/api.w.org\/{rel}","templated":true}]}}