{"id":124,"date":"2013-03-15T19:40:06","date_gmt":"2013-03-15T18:40:06","guid":{"rendered":"http:\/\/itcegame.se\/?page_id=124"},"modified":"2013-07-04T11:49:00","modified_gmt":"2013-07-04T09:49:00","slug":"become-a-famous-utility-specialist","status":"publish","type":"page","link":"https:\/\/itcegame.se\/?page_id=124","title":{"rendered":"Become a Famous Utility Specialist"},"content":{"rendered":"<p>En av ITCE game&#8217;s spelid\u00e9er har branschanpassats till lanseringen av produktfamiljen Business For Utilities Suite fr\u00e5n CGI (f.d. Logica) och kunde, med stor tillfredst\u00e4llelse fr\u00e5n b\u00e5de CGI och ITCE game, delas ut i samband med CGI&#8217;s kundseminarie &#8221;M\u00f6tesplats Utilities&#8221; i G\u00f6teborg 2013-03-15.<\/p>\n<p>Spelet kommer i denna upplaga inte att lanseras f\u00f6r allm\u00e4nheten, men en mer generisk version \u00e4r under diskussion.<\/p>\n","protected":false},"excerpt":{"rendered":"<p>En av ITCE game&#8217;s spelid\u00e9er har branschanpassats till lanseringen av produktfamiljen Business For Utilities Suite fr\u00e5n CGI (f.d. Logica) och kunde, med stor tillfredst\u00e4llelse fr\u00e5n b\u00e5de CGI och ITCE game, delas ut i samband med CGI&#8217;s kundseminarie &#8221;M\u00f6tesplats Utilities&#8221; i G\u00f6teborg 2013-03-15. Spelet kommer i denna upplaga inte att lanseras f\u00f6r allm\u00e4nheten, men en mer [&hellip;]<\/p>\n","protected":false},"author":1,"featured_media":0,"parent":122,"menu_order":0,"comment_status":"closed","ping_status":"closed","template":"","meta":{"footnotes":""},"class_list":["post-124","page","type-page","status-publish","hentry"],"_links":{"self":[{"href":"https:\/\/itcegame.se\/index.php?rest_route=\/wp\/v2\/pages\/124","targetHints":{"allow":["GET"]}}],"collection":[{"href":"https:\/\/itcegame.se\/index.php?rest_route=\/wp\/v2\/pages"}],"about":[{"href":"https:\/\/itcegame.se\/index.php?rest_route=\/wp\/v2\/types\/page"}],"author":[{"embeddable":true,"href":"https:\/\/itcegame.se\/index.php?rest_route=\/wp\/v2\/users\/1"}],"replies":[{"embeddable":true,"href":"https:\/\/itcegame.se\/index.php?rest_route=%2Fwp%2Fv2%2Fcomments&post=124"}],"version-history":[{"count":5,"href":"https:\/\/itcegame.se\/index.php?rest_route=\/wp\/v2\/pages\/124\/revisions"}],"predecessor-version":[{"id":130,"href":"https:\/\/itcegame.se\/index.php?rest_route=\/wp\/v2\/pages\/124\/revisions\/130"}],"up":[{"embeddable":true,"href":"https:\/\/itcegame.se\/index.php?rest_route=\/wp\/v2\/pages\/122"}],"wp:attachment":[{"href":"https:\/\/itcegame.se\/index.php?rest_route=%2Fwp%2Fv2%2Fmedia&parent=124"}],"curies":[{"name":"wp","href":"https:\/\/api.w.org\/{rel}","templated":true}]}}