{"id":116,"date":"2013-01-11T20:40:50","date_gmt":"2013-01-11T19:40:50","guid":{"rendered":"http:\/\/itcegame.se\/?page_id=116"},"modified":"2013-01-11T20:42:08","modified_gmt":"2013-01-11T19:42:08","slug":"mina-bara-mina","status":"publish","type":"page","link":"https:\/\/itcegame.se\/?page_id=116","title":{"rendered":"Mina, bara mina&#8230;."},"content":{"rendered":"<p>Samla v\u00e4rden p\u00e5 v\u00e4gen, men g\u00e5 inte f\u00f6r fort fram.<\/p>\n<p>Version : 0.8<\/p>\n<p>M\u00f6jlighet att expandera tankar kring : Viss<\/p>\n<p>Turniv\u00e5 : Lite<\/p>\n<p>Produktionsstart : Beror p\u00e5&#8230;<\/p>\n","protected":false},"excerpt":{"rendered":"<p>Samla v\u00e4rden p\u00e5 v\u00e4gen, men g\u00e5 inte f\u00f6r fort fram. Version : 0.8 M\u00f6jlighet att expandera tankar kring : Viss Turniv\u00e5 : Lite Produktionsstart : Beror p\u00e5&#8230;<\/p>\n","protected":false},"author":1,"featured_media":0,"parent":36,"menu_order":0,"comment_status":"closed","ping_status":"closed","template":"","meta":{"footnotes":""},"class_list":["post-116","page","type-page","status-publish","hentry"],"_links":{"self":[{"href":"https:\/\/itcegame.se\/index.php?rest_route=\/wp\/v2\/pages\/116","targetHints":{"allow":["GET"]}}],"collection":[{"href":"https:\/\/itcegame.se\/index.php?rest_route=\/wp\/v2\/pages"}],"about":[{"href":"https:\/\/itcegame.se\/index.php?rest_route=\/wp\/v2\/types\/page"}],"author":[{"embeddable":true,"href":"https:\/\/itcegame.se\/index.php?rest_route=\/wp\/v2\/users\/1"}],"replies":[{"embeddable":true,"href":"https:\/\/itcegame.se\/index.php?rest_route=%2Fwp%2Fv2%2Fcomments&post=116"}],"version-history":[{"count":2,"href":"https:\/\/itcegame.se\/index.php?rest_route=\/wp\/v2\/pages\/116\/revisions"}],"predecessor-version":[{"id":119,"href":"https:\/\/itcegame.se\/index.php?rest_route=\/wp\/v2\/pages\/116\/revisions\/119"}],"up":[{"embeddable":true,"href":"https:\/\/itcegame.se\/index.php?rest_route=\/wp\/v2\/pages\/36"}],"wp:attachment":[{"href":"https:\/\/itcegame.se\/index.php?rest_route=%2Fwp%2Fv2%2Fmedia&parent=116"}],"curies":[{"name":"wp","href":"https:\/\/api.w.org\/{rel}","templated":true}]}}