{"id":114,"date":"2013-01-11T20:33:32","date_gmt":"2013-01-11T19:33:32","guid":{"rendered":"http:\/\/itcegame.se\/?page_id=114"},"modified":"2016-06-26T13:50:53","modified_gmt":"2016-06-26T11:50:53","slug":"du-vagar-inte","status":"publish","type":"page","link":"https:\/\/itcegame.se\/?page_id=114","title":{"rendered":"Du v\u00e5gar inte&#8230;."},"content":{"rendered":"<p>Enkelt att l\u00e4ra, men spara p\u00e5 din tur och sl\u00f6sa p\u00e5 de andras..<\/p>\n<p>Version : 0.9<\/p>\n<p>M\u00f6jlighet att expandera tankar kring : Nja, eget koncept<\/p>\n<p>Turniv\u00e5 : Viss<\/p>\n<p>Produktionsstart : Mer speltest beh\u00f6vs<\/p>\n","protected":false},"excerpt":{"rendered":"<p>Enkelt att l\u00e4ra, men spara p\u00e5 din tur och sl\u00f6sa p\u00e5 de andras.. Version : 0.9 M\u00f6jlighet att expandera tankar kring : Nja, eget koncept Turniv\u00e5 : Viss Produktionsstart : Mer speltest beh\u00f6vs<\/p>\n","protected":false},"author":1,"featured_media":0,"parent":36,"menu_order":0,"comment_status":"closed","ping_status":"closed","template":"","meta":{"footnotes":""},"class_list":["post-114","page","type-page","status-publish","hentry"],"_links":{"self":[{"href":"https:\/\/itcegame.se\/index.php?rest_route=\/wp\/v2\/pages\/114","targetHints":{"allow":["GET"]}}],"collection":[{"href":"https:\/\/itcegame.se\/index.php?rest_route=\/wp\/v2\/pages"}],"about":[{"href":"https:\/\/itcegame.se\/index.php?rest_route=\/wp\/v2\/types\/page"}],"author":[{"embeddable":true,"href":"https:\/\/itcegame.se\/index.php?rest_route=\/wp\/v2\/users\/1"}],"replies":[{"embeddable":true,"href":"https:\/\/itcegame.se\/index.php?rest_route=%2Fwp%2Fv2%2Fcomments&post=114"}],"version-history":[{"count":3,"href":"https:\/\/itcegame.se\/index.php?rest_route=\/wp\/v2\/pages\/114\/revisions"}],"predecessor-version":[{"id":186,"href":"https:\/\/itcegame.se\/index.php?rest_route=\/wp\/v2\/pages\/114\/revisions\/186"}],"up":[{"embeddable":true,"href":"https:\/\/itcegame.se\/index.php?rest_route=\/wp\/v2\/pages\/36"}],"wp:attachment":[{"href":"https:\/\/itcegame.se\/index.php?rest_route=%2Fwp%2Fv2%2Fmedia&parent=114"}],"curies":[{"name":"wp","href":"https:\/\/api.w.org\/{rel}","templated":true}]}}