{"id":110,"date":"2013-01-11T20:28:52","date_gmt":"2013-01-11T19:28:52","guid":{"rendered":"http:\/\/itcegame.se\/?page_id=110"},"modified":"2013-01-11T20:42:15","modified_gmt":"2013-01-11T19:42:15","slug":"pa-langden-och-hojden","status":"publish","type":"page","link":"https:\/\/itcegame.se\/?page_id=110","title":{"rendered":"P\u00e5 l\u00e4ngden och h\u00f6jden"},"content":{"rendered":"<p>Byt, bygg eller kasta och vinn i l\u00e4ngden &#8211; eller p\u00e5 l\u00e4ngden ?<\/p>\n","protected":false},"excerpt":{"rendered":"<p>Byt, bygg eller kasta och vinn i l\u00e4ngden &#8211; eller p\u00e5 l\u00e4ngden ?<\/p>\n","protected":false},"author":1,"featured_media":0,"parent":36,"menu_order":0,"comment_status":"closed","ping_status":"closed","template":"","meta":{"footnotes":""},"class_list":["post-110","page","type-page","status-publish","hentry"],"_links":{"self":[{"href":"https:\/\/itcegame.se\/index.php?rest_route=\/wp\/v2\/pages\/110","targetHints":{"allow":["GET"]}}],"collection":[{"href":"https:\/\/itcegame.se\/index.php?rest_route=\/wp\/v2\/pages"}],"about":[{"href":"https:\/\/itcegame.se\/index.php?rest_route=\/wp\/v2\/types\/page"}],"author":[{"embeddable":true,"href":"https:\/\/itcegame.se\/index.php?rest_route=\/wp\/v2\/users\/1"}],"replies":[{"embeddable":true,"href":"https:\/\/itcegame.se\/index.php?rest_route=%2Fwp%2Fv2%2Fcomments&post=110"}],"version-history":[{"count":4,"href":"https:\/\/itcegame.se\/index.php?rest_route=\/wp\/v2\/pages\/110\/revisions"}],"predecessor-version":[{"id":113,"href":"https:\/\/itcegame.se\/index.php?rest_route=\/wp\/v2\/pages\/110\/revisions\/113"}],"up":[{"embeddable":true,"href":"https:\/\/itcegame.se\/index.php?rest_route=\/wp\/v2\/pages\/36"}],"wp:attachment":[{"href":"https:\/\/itcegame.se\/index.php?rest_route=%2Fwp%2Fv2%2Fmedia&parent=110"}],"curies":[{"name":"wp","href":"https:\/\/api.w.org\/{rel}","templated":true}]}}