{"id":1019,"date":"2022-08-07T14:59:36","date_gmt":"2022-08-07T12:59:36","guid":{"rendered":"https:\/\/itcegame.se\/?page_id=1019"},"modified":"2023-05-09T20:43:40","modified_gmt":"2023-05-09T18:43:40","slug":"division-tre","status":"publish","type":"page","link":"https:\/\/itcegame.se\/?page_id=1019","title":{"rendered":"Division TRE"},"content":{"rendered":"\n<p>Uppdaterad datum: 2023-05-09<\/p>\n\n\n\n<h2 class=\"wp-block-heading\">Senaste omg\u00e5ng<\/h2>\n\n\n\n<figure class=\"wp-block-table\"><table><tbody><tr><td><\/td><td>Omg\u00e5ng 14<\/td><td colspan=\"3\">2023-04-17&nbsp; &#8211;&nbsp;<br>2023-04-24<\/td><\/tr><tr><td>2023-05-08<\/td><td>Avec Plaisir<\/td><td>BeRoll Bygg<\/td><td>0<\/td><td>18<\/td><\/tr><tr><td>2023-04-17<\/td><td>Bravida<\/td><td>Spare No One<\/td><td>7,5<\/td><td>10,5<\/td><\/tr><tr><td>2023-04-17<\/td><td>Lag M\u00f6llan<\/td><td>Strike Queens<\/td><td>10<\/td><td>8<\/td><\/tr><tr><td>2023-04-24<\/td><td>Ztrajx<\/td><td>Tupp i h\u00f6nsg\u00e5rd<\/td><td>3<\/td><td>15<\/td><\/tr><\/tbody><\/table><\/figure>\n\n\n\n<h2 class=\"wp-block-heading\">Tabell<\/h2>\n\n\n\n<figure class=\"wp-block-table\"><table><tbody><tr><td><strong><em>Lagnamn<\/em><\/strong><\/td><td><strong><em>Matcher<\/em><\/strong><\/td><td><strong><em>V<\/em><\/strong><\/td><td><strong><em>O<\/em><\/strong><\/td><td><strong><em>F<\/em><\/strong><\/td><td><strong><em>Kvot<\/em><\/strong><\/td><td><strong><em>Po\u00e4ng<\/em><\/strong><\/td><\/tr><tr><td>Strike Queens<\/td><td>14<\/td><td>11<\/td><td>1<\/td><td>2<\/td><td>54<\/td><td>23<\/td><\/tr><tr><td>Tupp i h\u00f6nsg\u00e5rd<\/td><td>14<\/td><td>8<\/td><td>3<\/td><td>3<\/td><td>30<\/td><td>19<\/td><\/tr><tr><td>Lag M\u00f6llan<\/td><td>14<\/td><td>9<\/td><td>0<\/td><td>5<\/td><td>22<\/td><td>18<\/td><\/tr><tr><td>BeRoll Bygg<\/td><td>14<\/td><td>7<\/td><td>3<\/td><td>4<\/td><td>34<\/td><td>17<\/td><\/tr><tr><td>Bravida<\/td><td>14<\/td><td>6<\/td><td>0<\/td><td>8<\/td><td>-16<\/td><td>12<\/td><\/tr><tr><td>Spare No One<\/td><td>14<\/td><td>4<\/td><td>1<\/td><td>9<\/td><td>-39<\/td><td>9<\/td><\/tr><tr><td>Avec Plaisir<\/td><td>14<\/td><td>4<\/td><td>1<\/td><td>9<\/td><td>-46<\/td><td>9<\/td><\/tr><tr><td>Ztrajx<\/td><td>14<\/td><td>2<\/td><td>1<\/td><td>11<\/td><td>-39<\/td><td>5<\/td><\/tr><\/tbody><\/table><\/figure>\n\n\n\n<h2 class=\"wp-block-heading\">Serien \u00e4r slutspelad.<\/h2>\n\n\n\n<p><a href=\"https:\/\/itcegame.se\/?page_id=1013\" data-type=\"page\" data-id=\"1013\">Se denna sida<\/a><\/p>\n\n\n\n<h2 class=\"wp-block-heading\">Spelade omg\u00e5ngar<\/h2>\n\n\n\n<figure class=\"wp-block-table\"><table><tbody><tr><td><\/td><td>Omg\u00e5ng 1<\/td><td>2022-09-12&nbsp; &#8211;&nbsp;<br>2022-09-19<\/td><\/tr><tr><td>2022-09-19<\/td><td>Lag M\u00f6llan<\/td><td>Tupp i h\u00f6nsg\u00e5rd<\/td><td>11<\/td><td>7<\/td><\/tr><tr><td>2022-09-19<\/td><td>Ztrajx<\/td><td>Spare No One<\/td><td>14<\/td><td>4<\/td><\/tr><tr><td>2022-09-19<\/td><td>Avec Plaisir<\/td><td>Strike Queens<\/td><td>6<\/td><td>12<\/td><\/tr><tr><td>2022-09-19<\/td><td>Bravida<\/td><td>BeRoll Bygg<\/td><td>5<\/td><td>13<\/td><\/tr><\/tbody><\/table><\/figure>\n\n\n\n<figure class=\"wp-block-table\"><table><tbody><tr><td><\/td><td>Omg\u00e5ng 2<\/td><td>2022-09-26&nbsp; &#8211;&nbsp;<br>2022-10-03<\/td><\/tr><tr><td>2022-09-26<\/td><td>Lag M\u00f6llan<\/td><td>Ztrajx<\/td><td>10<\/td><td>8<\/td><\/tr><tr><td>2022-09-26<\/td><td>Avec Plaisir<\/td><td>Bravida<\/td><td>11<\/td><td>7<\/td><\/tr><tr><td>2022-09-26<\/td><td>Strike Queens<\/td><td>Spare No One<\/td><td>14<\/td><td>4<\/td><\/tr><tr><td>2022-10-03<\/td><td>Tupp i h\u00f6nsg\u00e5rd<\/td><td>BeRoll Bygg<\/td><td>9<\/td><td>9<\/td><\/tr><\/tbody><\/table><\/figure>\n\n\n\n<figure class=\"wp-block-table\"><table><tbody><tr><td><\/td><td>Omg\u00e5ng 3<\/td><td>2022-10-10&nbsp; &#8211;&nbsp;<br>2022-10-17<\/td><\/tr><tr><td>2022-10-10<\/td><td>Bravida<\/td><td>Tupp i h\u00f6nsg\u00e5rd<\/td><td>4<\/td><td>14<\/td><\/tr><tr><td>2022-10-10<\/td><td>Spare No One<\/td><td>Lag M\u00f6llan<\/td><td>10<\/td><td>8<\/td><\/tr><tr><td>2022-10-17<\/td><td>Ztrajx<\/td><td>Avec Plaisir<\/td><td>6<\/td><td>12<\/td><\/tr><tr><td>2022-10-17<\/td><td>BeRoll Bygg<\/td><td>Strike Queens<\/td><td>7<\/td><td>11<\/td><\/tr><\/tbody><\/table><\/figure>\n\n\n\n<figure class=\"wp-block-table\"><table><tbody><tr><td><\/td><td>Omg\u00e5ng 4<\/td><td>2022-10-24&nbsp; &#8211;&nbsp;<br>2022-10-31<\/td><\/tr><tr><td>2022-10-24<\/td><td>Strike Queens<\/td><td>Bravida<\/td><td>11<\/td><td>7<\/td><\/tr><tr><td>2022-10-31<\/td><td>BeRoll Bygg<\/td><td>Ztrajx<\/td><td>10<\/td><td>8<\/td><\/tr><tr><td>2022-10-31<\/td><td>Lag M\u00f6llan<\/td><td>Avec Plaisir<\/td><td>14<\/td><td>4<\/td><\/tr><tr><td>2022-10-31<\/td><td>Spare No One<\/td><td>Tupp i h\u00f6nsg\u00e5rd<\/td><td>5<\/td><td>13<\/td><\/tr><\/tbody><\/table><\/figure>\n\n\n\n<figure class=\"wp-block-table\"><table><tbody><tr><td><\/td><td>Omg\u00e5ng 5<\/td><td>2022-11-07&nbsp; &#8211;&nbsp;<br>2022-11-14<\/td><\/tr><tr><td>2022-11-07<\/td><td>Tupp i h\u00f6nsg\u00e5rd<\/td><td>Avec Plaisir<\/td><td>11<\/td><td>7<\/td><\/tr><tr><td>2022-11-07<\/td><td>Bravida<\/td><td>Lag M\u00f6llan<\/td><td>10<\/td><td>8<\/td><\/tr><tr><td>2022-11-14<\/td><td>Spare No One<\/td><td>BeRoll Bygg<\/td><td>10<\/td><td>8<\/td><\/tr><tr><td>2022-11-14<\/td><td>Ztrajx<\/td><td>Strike Queens<\/td><td>8<\/td><td>10<\/td><\/tr><\/tbody><\/table><\/figure>\n\n\n\n<figure class=\"wp-block-table\"><table><tbody><tr><td><\/td><td>Omg\u00e5ng 6<\/td><td>2022-11-21&nbsp; &#8211;&nbsp;<br>2022-11-28<\/td><\/tr><tr><td>2022-11-21<\/td><td>Lag M\u00f6llan<\/td><td>BeRoll Bygg<\/td><td>13<\/td><td>5<\/td><\/tr><tr><td>2022-11-21<\/td><td>Bravida<\/td><td>Ztrajx<\/td><td>10,5<\/td><td>7,5<\/td><\/tr><tr><td>2022-11-28<\/td><td>Strike Queens<\/td><td>Tupp i h\u00f6nsg\u00e5rd<\/td><td>13<\/td><td>5<\/td><\/tr><tr><td>2022-11-28<\/td><td>Avec Plaisir<\/td><td>Spare No One<\/td><td>9<\/td><td>9<\/td><\/tr><\/tbody><\/table><\/figure>\n\n\n\n<figure class=\"wp-block-table\"><table><tbody><tr><td><\/td><td>Omg\u00e5ng 7<\/td><td>2022-12-05&nbsp; &#8211;&nbsp;<br>2022-12-12<\/td><\/tr><tr><td>2022-12-05<\/td><td>BeRoll Bygg<\/td><td>Avec Plaisir<\/td><td>13<\/td><td>5<\/td><\/tr><tr><td>2022-12-05<\/td><td>Spare No One<\/td><td>Bravida<\/td><td>8<\/td><td>10<\/td><\/tr><tr><td>2022-12-05<\/td><td>Strike Queens<\/td><td>Lag M\u00f6llan<\/td><td>11<\/td><td>7<\/td><\/tr><tr><td>2022-12-12<\/td><td>Tupp i h\u00f6nsg\u00e5rd<\/td><td>Ztrajx<\/td><td>9<\/td><td>9<\/td><\/tr><\/tbody><\/table><\/figure>\n\n\n\n<figure class=\"wp-block-table\"><table><tbody><tr><td><\/td><td>Omg\u00e5ng 8<\/td><td>2023-01-09&nbsp; &#8211;&nbsp;<br>2023-01-16<\/td><\/tr><tr><td>2023-01-16<\/td><td>Tupp i h\u00f6nsg\u00e5rd<\/td><td>Lag M\u00f6llan<\/td><td>7<\/td><td>11<\/td><\/tr><tr><td>2023-01-16<\/td><td>Spare No One<\/td><td>Ztrajx<\/td><td>5<\/td><td>13<\/td><\/tr><tr><td>2023-01-16<\/td><td>Strike Queens<\/td><td>Avec Plaisir<\/td><td>12<\/td><td>6<\/td><\/tr><tr><td>2023-01-16<\/td><td>BeRoll Bygg<\/td><td>Bravida<\/td><td>5<\/td><td>13<\/td><\/tr><\/tbody><\/table><\/figure>\n\n\n\n<figure class=\"wp-block-table\"><table><tbody><tr><td><\/td><td>Omg\u00e5ng 9<\/td><td>2023-01-23&nbsp; &#8211;&nbsp;<br>2023-01-30<\/td><\/tr><tr><td>2023-01-23<\/td><td>Ztrajx<\/td><td>Lag M\u00f6llan<\/td><td>4<\/td><td>14<\/td><\/tr><tr><td>2023-01-23<\/td><td>Bravida<\/td><td>Avec Plaisir<\/td><td>11<\/td><td>7<\/td><\/tr><tr><td>2023-01-23<\/td><td>Spare No One<\/td><td>Strike Queens<\/td><td>7<\/td><td>11<\/td><\/tr><tr><td>2023-01-30<\/td><td>BeRoll Bygg<\/td><td>Tupp i h\u00f6nsg\u00e5rd<\/td><td>9<\/td><td>9<\/td><\/tr><\/tbody><\/table><\/figure>\n\n\n\n<figure class=\"wp-block-table\"><table><tbody><tr><td><\/td><td>Omg\u00e5ng 10<\/td><td>2023-02-06&nbsp; &#8211;&nbsp;<br>2023-02-13<\/td><\/tr><tr><td>2023-02-06<\/td><td>Tupp i h\u00f6nsg\u00e5rd<\/td><td>Bravida<\/td><td>10<\/td><td>8<\/td><\/tr><tr><td>2023-02-06<\/td><td>Lag M\u00f6llan<\/td><td>Spare No One<\/td><td>10<\/td><td>8<\/td><\/tr><tr><td>2023-02-13<\/td><td>Avec Plaisir<\/td><td>Ztrajx<\/td><td>12<\/td><td>6<\/td><\/tr><tr><td>2023-02-13<\/td><td>Strike Queens<\/td><td>BeRoll Bygg<\/td><td>9<\/td><td>9<\/td><\/tr><\/tbody><\/table><\/figure>\n\n\n\n<figure class=\"wp-block-table\"><table><tbody><tr><td><\/td><td>Omg\u00e5ng 11<\/td><td>2023-02-27&nbsp; &#8211;&nbsp;<br>2023-03-06<\/td><\/tr><tr><td>2023-02-27<\/td><td>Bravida<\/td><td>Strike Queens<\/td><td>6<\/td><td>12<\/td><\/tr><tr><td>2023-03-06<\/td><td>Ztrajx<\/td><td>BeRoll Bygg<\/td><td>6<\/td><td>12<\/td><\/tr><tr><td>2023-03-06<\/td><td>Avec Plaisir<\/td><td>Lag M\u00f6llan<\/td><td>10<\/td><td>8<\/td><\/tr><tr><td>2023-03-06<\/td><td>Tupp i h\u00f6nsg\u00e5rd<\/td><td>Spare No One<\/td><td>12<\/td><td>6<\/td><\/tr><\/tbody><\/table><\/figure>\n\n\n\n<figure class=\"wp-block-table\"><table><tbody><tr><td><\/td><td>Omg\u00e5ng 12<\/td><td>2023-03-13&nbsp; &#8211;&nbsp;<br>2023-03-20<\/td><\/tr><tr><td>2023-03-13<\/td><td>Avec Plaisir<\/td><td>Tupp i h\u00f6nsg\u00e5rd<\/td><td>8<\/td><td>10<\/td><\/tr><tr><td>2023-03-13<\/td><td>Lag M\u00f6llan<\/td><td>Bravida<\/td><td>10<\/td><td>8<\/td><\/tr><tr><td>2023-03-20<\/td><td>BeRoll Bygg<\/td><td>Spare No One<\/td><td>10<\/td><td>8<\/td><\/tr><tr><td>2023-03-20<\/td><td>Strike Queens<\/td><td>Ztrajx<\/td><td>11<\/td><td>7<\/td><\/tr><\/tbody><\/table><\/figure>\n\n\n\n<figure class=\"wp-block-table\"><table><tbody><tr><td><\/td><td>Omg\u00e5ng 13<\/td><td>2023-03-27&nbsp; &#8211;&nbsp;<br>2023-04-03<\/td><\/tr><tr><td>2023-03-27<\/td><td>BeRoll Bygg<\/td><td>Lag M\u00f6llan<\/td><td>15<\/td><td>3<\/td><\/tr><tr><td>2023-03-27<\/td><td>Ztrajx<\/td><td>Bravida<\/td><td>7<\/td><td>11<\/td><\/tr><tr><td>2023-04-03<\/td><td>Tupp i h\u00f6nsg\u00e5rd<\/td><td>Strike Queens<\/td><td>10<\/td><td>8<\/td><\/tr><tr><td>2023-04-03<\/td><td>Spare No One<\/td><td>Avec Plaisir<\/td><td>12<\/td><td>6<\/td><\/tr><\/tbody><\/table><\/figure>\n\n\n\n<p><\/p>\n","protected":false},"excerpt":{"rendered":"<p>Uppdaterad datum: 2023-05-09 Senaste omg\u00e5ng Omg\u00e5ng 14 2023-04-17&nbsp; &#8211;&nbsp;2023-04-24 2023-05-08 Avec Plaisir BeRoll Bygg 0 18 2023-04-17 Bravida Spare No One 7,5 10,5 2023-04-17 Lag M\u00f6llan Strike Queens 10 8 2023-04-24 Ztrajx Tupp i h\u00f6nsg\u00e5rd 3 15 Tabell Lagnamn Matcher V O F Kvot Po\u00e4ng Strike Queens 14 11 1 2 54 23 Tupp i [&hellip;]<\/p>\n","protected":false},"author":1,"featured_media":0,"parent":1013,"menu_order":3,"comment_status":"closed","ping_status":"closed","template":"","meta":{"footnotes":""},"class_list":["post-1019","page","type-page","status-publish","hentry"],"_links":{"self":[{"href":"https:\/\/itcegame.se\/index.php?rest_route=\/wp\/v2\/pages\/1019","targetHints":{"allow":["GET"]}}],"collection":[{"href":"https:\/\/itcegame.se\/index.php?rest_route=\/wp\/v2\/pages"}],"about":[{"href":"https:\/\/itcegame.se\/index.php?rest_route=\/wp\/v2\/types\/page"}],"author":[{"embeddable":true,"href":"https:\/\/itcegame.se\/index.php?rest_route=\/wp\/v2\/users\/1"}],"replies":[{"embeddable":true,"href":"https:\/\/itcegame.se\/index.php?rest_route=%2Fwp%2Fv2%2Fcomments&post=1019"}],"version-history":[{"count":31,"href":"https:\/\/itcegame.se\/index.php?rest_route=\/wp\/v2\/pages\/1019\/revisions"}],"predecessor-version":[{"id":1270,"href":"https:\/\/itcegame.se\/index.php?rest_route=\/wp\/v2\/pages\/1019\/revisions\/1270"}],"up":[{"embeddable":true,"href":"https:\/\/itcegame.se\/index.php?rest_route=\/wp\/v2\/pages\/1013"}],"wp:attachment":[{"href":"https:\/\/itcegame.se\/index.php?rest_route=%2Fwp%2Fv2%2Fmedia&parent=1019"}],"curies":[{"name":"wp","href":"https:\/\/api.w.org\/{rel}","templated":true}]}}