{"id":100,"date":"2013-01-11T19:59:39","date_gmt":"2013-01-11T18:59:39","guid":{"rendered":"http:\/\/itcegame.se\/?page_id=100"},"modified":"2013-01-11T20:06:01","modified_gmt":"2013-01-11T19:06:01","slug":"valkommen","status":"publish","type":"page","link":"https:\/\/itcegame.se\/","title":{"rendered":"V\u00e4lkommen"},"content":{"rendered":"<p>V\u00e4lkommen till det nyt\u00e4nkande br\u00e4dspelsf\u00f6retaget.<\/p>\n<p>Beh\u00f6ver ni profilera er med ett spel om er eller era kunders verksamhet ?<\/p>\n<p>Beh\u00f6ver ni stimulera era medarbetare med en kv\u00e4ll\/helg av br\u00e4dspel med och\/eller mot varandra ? Kanske ledningsgruppen beh\u00f6ver l\u00e4ra sig att arbeta tillsammans under annorlunda premisser ?<\/p>\n<p>\u00c4n s\u00e5 l\u00e4nge finns vi bara i Malm\u00f6, men tag g\u00e4rna kontakt &#8211; inget \u00e4r om\u00f6jligt&#8230;.<\/p>\n","protected":false},"excerpt":{"rendered":"<p>V\u00e4lkommen till det nyt\u00e4nkande br\u00e4dspelsf\u00f6retaget. Beh\u00f6ver ni profilera er med ett spel om er eller era kunders verksamhet ? Beh\u00f6ver ni stimulera era medarbetare med en kv\u00e4ll\/helg av br\u00e4dspel med och\/eller mot varandra ? Kanske ledningsgruppen beh\u00f6ver l\u00e4ra sig att arbeta tillsammans under annorlunda premisser ? \u00c4n s\u00e5 l\u00e4nge finns vi bara i Malm\u00f6, men [&hellip;]<\/p>\n","protected":false},"author":1,"featured_media":0,"parent":0,"menu_order":0,"comment_status":"closed","ping_status":"closed","template":"","meta":{"footnotes":""},"class_list":["post-100","page","type-page","status-publish","hentry"],"_links":{"self":[{"href":"https:\/\/itcegame.se\/index.php?rest_route=\/wp\/v2\/pages\/100","targetHints":{"allow":["GET"]}}],"collection":[{"href":"https:\/\/itcegame.se\/index.php?rest_route=\/wp\/v2\/pages"}],"about":[{"href":"https:\/\/itcegame.se\/index.php?rest_route=\/wp\/v2\/types\/page"}],"author":[{"embeddable":true,"href":"https:\/\/itcegame.se\/index.php?rest_route=\/wp\/v2\/users\/1"}],"replies":[{"embeddable":true,"href":"https:\/\/itcegame.se\/index.php?rest_route=%2Fwp%2Fv2%2Fcomments&post=100"}],"version-history":[{"count":2,"href":"https:\/\/itcegame.se\/index.php?rest_route=\/wp\/v2\/pages\/100\/revisions"}],"predecessor-version":[{"id":103,"href":"https:\/\/itcegame.se\/index.php?rest_route=\/wp\/v2\/pages\/100\/revisions\/103"}],"wp:attachment":[{"href":"https:\/\/itcegame.se\/index.php?rest_route=%2Fwp%2Fv2%2Fmedia&parent=100"}],"curies":[{"name":"wp","href":"https:\/\/api.w.org\/{rel}","templated":true}]}}